{"id":762,"date":"2016-11-06T11:18:56","date_gmt":"2016-11-06T10:18:56","guid":{"rendered":"http:\/\/www.refractarioskiloterm.com\/?page_id=762"},"modified":"2017-05-14T10:03:04","modified_gmt":"2017-05-14T09:03:04","slug":"ktsc-hormigones-gunitados-por-via-humeda-de-alta-resistencia","status":"publish","type":"page","link":"https:\/\/www.refractarioskiloterm.com\/fr\/produits\/ktsc-betons-gunites-par-voie-humide-a-haute-resistance\/","title":{"rendered":"KTSC B\u00c9TONS GUNIT\u00c9S PAR VOIE HUMIDE \u00c0 HAUTE R\u00c9SISTANCE"},"content":{"rendered":"<p><img loading=\"lazy\" decoding=\"async\" class=\"alignright size-full wp-image-786\" src=\"http:\/\/www.refractarioskiloterm.com\/wp-content\/uploads\/2016\/11\/HORMIGONES-GUTINADOS-por-via-humeda.jpg\" alt=\"hormigones gunitados por via humeda\" width=\"341\" height=\"383\" srcset=\"https:\/\/www.refractarioskiloterm.com\/wp-content\/uploads\/2016\/11\/HORMIGONES-GUTINADOS-por-via-humeda.jpg 341w, https:\/\/www.refractarioskiloterm.com\/wp-content\/uploads\/2016\/11\/HORMIGONES-GUTINADOS-por-via-humeda-267x300.jpg 267w\" sizes=\"(max-width: 341px) 100vw, 341px\" \/>Gamme de b\u00e9tons \u00e0 tr\u00e8s faible contenu en ciment<br \/>\nformul\u00e9 pour \u00eatre appliqu\u00e9 \u00e0 travers la technologie de gunitage par voie humide.<\/p>\n<p>Cette gamme de mat\u00e9riaux pr\u00e9sente les caract\u00e9ristiques principales suivantes :<\/p>\n<ul>\n<li>Une r\u00e9sistance \u00e9lev\u00e9e \u00e0 l\u2019abrasion.<\/li>\n<li>Une granulom\u00e9trie pr\u00e9cise pour pouvoir \u00eatre pomp\u00e9s \u00e0 de grandes distances avec un faible pourcentage d\u2019eau de malaxage, et une excellente coh\u00e9sion entre les particules, ce qui \u00e9vite leur d\u00e9sagr\u00e9gation pendant le transport et la projection du b\u00e9ton.<\/li>\n<li>Faible porosit\u00e9, ce qui leur conf\u00e8re une tr\u00e8s bonne r\u00e9sistance face aux attaques chimiques.<\/li>\n<li>Grande rapidit\u00e9 dans l\u2019application avec un temps de<br \/>\nmaniabilit\u00e9 sup\u00e9rieur \u00e0 90 minutes.<\/li>\n<\/ul>\n<p><\/p>","protected":false},"excerpt":{"rendered":"<p>Gamme de b\u00e9tons \u00e0 tr\u00e8s faible contenu en ciment formul\u00e9 pour \u00eatre appliqu\u00e9 \u00e0 travers la technologie de gunitage par voie humide. Cette gamme de <\/p>\n","protected":false},"author":6,"featured_media":0,"parent":514,"menu_order":7,"comment_status":"closed","ping_status":"closed","template":"page-cubiertas.php","meta":{"footnotes":""},"class_list":["post-762","page","type-page","status-publish","hentry"],"yoast_head":"<!-- This site is optimized with the Yoast SEO plugin v23.6 - https:\/\/yoast.com\/wordpress\/plugins\/seo\/ -->\n<title>KTSC B\u00c9TONS GUNIT\u00c9S PAR VOIE HUMIDE \u00c0 HAUTE R\u00c9SISTANCE<\/title>\n<meta name=\"robots\" content=\"index, follow, max-snippet:-1, max-image-preview:large, max-video-preview:-1\" \/>\n<link rel=\"canonical\" href=\"https:\/\/www.refractarioskiloterm.com\/productos\/ktsc-hormigones-gunitados-por-via-humeda-de-alta-resistencia\/\" \/>\n<meta property=\"og:locale\" content=\"fr_FR\" \/>\n<meta property=\"og:type\" content=\"article\" \/>\n<meta property=\"og:title\" content=\"[:es]KTSC HORMIGONES GUNITADOS POR V\u00cdA H\u00daMEDA DE ALTA RESISTENCIA[:] [:en]KTSC HIGH-RESISTANCE WET PROCESS SHOTCRETE[:] [:fr]KTSC B\u00c9TONS GUNIT\u00c9S PAR VOIE HUMIDE \u00c0 HAUTE R\u00c9SISTANCE[:]\" \/>\n<meta property=\"og:description\" content=\"Gamme de b\u00e9tons \u00e0 tr\u00e8s faible contenu en ciment formul\u00e9 pour \u00eatre appliqu\u00e9 \u00e0 travers la technologie de gunitage par voie humide. Cette gamme de\" \/>\n<meta property=\"og:url\" content=\"https:\/\/www.refractarioskiloterm.com\/productos\/ktsc-hormigones-gunitados-por-via-humeda-de-alta-resistencia\/\" \/>\n<meta property=\"og:site_name\" content=\"KiloTerm Hormigones refractarios\" \/>\n<meta property=\"article:modified_time\" content=\"2017-05-14T09:03:04+00:00\" \/>\n<meta property=\"og:image\" content=\"https:\/\/www.refractarioskiloterm.com\/wp-content\/uploads\/2016\/11\/HORMIGONES-GUTINADOS-por-via-humeda.jpg\" \/>\n\t<meta property=\"og:image:width\" content=\"341\" \/>\n\t<meta property=\"og:image:height\" content=\"383\" \/>\n\t<meta property=\"og:image:type\" content=\"image\/jpeg\" \/>\n<meta name=\"twitter:card\" content=\"summary_large_image\" \/>\n<meta name=\"twitter:label1\" content=\"Dur\u00e9e de lecture estim\u00e9e\" \/>\n\t<meta name=\"twitter:data1\" content=\"2 minutes\" \/>\n<script type=\"application\/ld+json\" class=\"yoast-schema-graph\">{\"@context\":\"https:\/\/schema.org\",\"@graph\":[{\"@type\":\"WebPage\",\"@id\":\"https:\/\/www.refractarioskiloterm.com\/productos\/ktsc-hormigones-gunitados-por-via-humeda-de-alta-resistencia\/\",\"url\":\"https:\/\/www.refractarioskiloterm.com\/productos\/ktsc-hormigones-gunitados-por-via-humeda-de-alta-resistencia\/\",\"name\":\"[:es]KTSC HORMIGONES GUNITADOS POR V\u00cdA H\u00daMEDA DE ALTA RESISTENCIA[:] [:en]KTSC HIGH-RESISTANCE WET PROCESS SHOTCRETE[:] [:fr]KTSC B\u00c9TONS GUNIT\u00c9S PAR VOIE HUMIDE \u00c0 HAUTE R\u00c9SISTANCE[:]\",\"isPartOf\":{\"@id\":\"https:\/\/www.refractarioskiloterm.com\/#website\"},\"primaryImageOfPage\":{\"@id\":\"https:\/\/www.refractarioskiloterm.com\/productos\/ktsc-hormigones-gunitados-por-via-humeda-de-alta-resistencia\/#primaryimage\"},\"image\":{\"@id\":\"https:\/\/www.refractarioskiloterm.com\/productos\/ktsc-hormigones-gunitados-por-via-humeda-de-alta-resistencia\/#primaryimage\"},\"thumbnailUrl\":\"http:\/\/www.refractarioskiloterm.com\/wp-content\/uploads\/2016\/11\/HORMIGONES-GUTINADOS-por-via-humeda.jpg\",\"datePublished\":\"2016-11-06T10:18:56+00:00\",\"dateModified\":\"2017-05-14T09:03:04+00:00\",\"breadcrumb\":{\"@id\":\"https:\/\/www.refractarioskiloterm.com\/productos\/ktsc-hormigones-gunitados-por-via-humeda-de-alta-resistencia\/#breadcrumb\"},\"inLanguage\":\"fr-FR\",\"potentialAction\":[{\"@type\":\"ReadAction\",\"target\":[\"https:\/\/www.refractarioskiloterm.com\/productos\/ktsc-hormigones-gunitados-por-via-humeda-de-alta-resistencia\/\"]}]},{\"@type\":\"ImageObject\",\"inLanguage\":\"fr-FR\",\"@id\":\"https:\/\/www.refractarioskiloterm.com\/productos\/ktsc-hormigones-gunitados-por-via-humeda-de-alta-resistencia\/#primaryimage\",\"url\":\"http:\/\/www.refractarioskiloterm.com\/wp-content\/uploads\/2016\/11\/HORMIGONES-GUTINADOS-por-via-humeda.jpg\",\"contentUrl\":\"http:\/\/www.refractarioskiloterm.com\/wp-content\/uploads\/2016\/11\/HORMIGONES-GUTINADOS-por-via-humeda.jpg\"},{\"@type\":\"BreadcrumbList\",\"@id\":\"https:\/\/www.refractarioskiloterm.com\/productos\/ktsc-hormigones-gunitados-por-via-humeda-de-alta-resistencia\/#breadcrumb\",\"itemListElement\":[{\"@type\":\"ListItem\",\"position\":1,\"name\":\"Portada\",\"item\":\"https:\/\/www.refractarioskiloterm.com\/\"},{\"@type\":\"ListItem\",\"position\":2,\"name\":\"Productos\",\"item\":\"https:\/\/www.refractarioskiloterm.com\/productos\/\"},{\"@type\":\"ListItem\",\"position\":3,\"name\":\"KTSC HORMIGONES GUNITADOS POR V\u00cdA H\u00daMEDA DE ALTA RESISTENCIA\"}]},{\"@type\":\"WebSite\",\"@id\":\"https:\/\/www.refractarioskiloterm.com\/#website\",\"url\":\"https:\/\/www.refractarioskiloterm.com\/\",\"name\":\"KiloTerm Hormigones refractarios\",\"description\":\"Soluciones de alta tecnolog\u00eda a medida\",\"potentialAction\":[{\"@type\":\"SearchAction\",\"target\":{\"@type\":\"EntryPoint\",\"urlTemplate\":\"https:\/\/www.refractarioskiloterm.com\/?s={search_term_string}\"},\"query-input\":{\"@type\":\"PropertyValueSpecification\",\"valueRequired\":true,\"valueName\":\"search_term_string\"}}],\"inLanguage\":\"fr-FR\"}]}<\/script>\n<!-- \/ Yoast SEO plugin. -->","yoast_head_json":{"title":"[:es]KTSC HORMIGONES GUNITADOS POR V\u00cdA H\u00daMEDA DE ALTA RESISTENCIA[:] [:en]KTSC HIGH-RESISTANCE WET PROCESS SHOTCRETE[:] [:fr]KTSC B\u00c9TONS GUNIT\u00c9S PAR VOIE HUMIDE \u00c0 HAUTE R\u00c9SISTANCE[:]","robots":{"index":"index","follow":"follow","max-snippet":"max-snippet:-1","max-image-preview":"max-image-preview:large","max-video-preview":"max-video-preview:-1"},"canonical":"https:\/\/www.refractarioskiloterm.com\/productos\/ktsc-hormigones-gunitados-por-via-humeda-de-alta-resistencia\/","og_locale":"fr_FR","og_type":"article","og_title":"[:es]KTSC HORMIGONES GUNITADOS POR V\u00cdA H\u00daMEDA DE ALTA RESISTENCIA[:] [:en]KTSC HIGH-RESISTANCE WET PROCESS SHOTCRETE[:] [:fr]KTSC B\u00c9TONS GUNIT\u00c9S PAR VOIE HUMIDE \u00c0 HAUTE R\u00c9SISTANCE[:]","og_description":"Gamme de b\u00e9tons \u00e0 tr\u00e8s faible contenu en ciment formul\u00e9 pour \u00eatre appliqu\u00e9 \u00e0 travers la technologie de gunitage par voie humide. Cette gamme de","og_url":"https:\/\/www.refractarioskiloterm.com\/productos\/ktsc-hormigones-gunitados-por-via-humeda-de-alta-resistencia\/","og_site_name":"KiloTerm Hormigones refractarios","article_modified_time":"2017-05-14T09:03:04+00:00","og_image":[{"width":341,"height":383,"url":"https:\/\/www.refractarioskiloterm.com\/wp-content\/uploads\/2016\/11\/HORMIGONES-GUTINADOS-por-via-humeda.jpg","type":"image\/jpeg"}],"twitter_card":"summary_large_image","twitter_misc":{"Dur\u00e9e de lecture estim\u00e9e":"2 minutes"},"schema":{"@context":"https:\/\/schema.org","@graph":[{"@type":"WebPage","@id":"https:\/\/www.refractarioskiloterm.com\/productos\/ktsc-hormigones-gunitados-por-via-humeda-de-alta-resistencia\/","url":"https:\/\/www.refractarioskiloterm.com\/productos\/ktsc-hormigones-gunitados-por-via-humeda-de-alta-resistencia\/","name":"[:es]KTSC HORMIGONES GUNITADOS POR V\u00cdA H\u00daMEDA DE ALTA RESISTENCIA[:] [:en]KTSC HIGH-RESISTANCE WET PROCESS SHOTCRETE[:] [:fr]KTSC B\u00c9TONS GUNIT\u00c9S PAR VOIE HUMIDE \u00c0 HAUTE R\u00c9SISTANCE[:]","isPartOf":{"@id":"https:\/\/www.refractarioskiloterm.com\/#website"},"primaryImageOfPage":{"@id":"https:\/\/www.refractarioskiloterm.com\/productos\/ktsc-hormigones-gunitados-por-via-humeda-de-alta-resistencia\/#primaryimage"},"image":{"@id":"https:\/\/www.refractarioskiloterm.com\/productos\/ktsc-hormigones-gunitados-por-via-humeda-de-alta-resistencia\/#primaryimage"},"thumbnailUrl":"http:\/\/www.refractarioskiloterm.com\/wp-content\/uploads\/2016\/11\/HORMIGONES-GUTINADOS-por-via-humeda.jpg","datePublished":"2016-11-06T10:18:56+00:00","dateModified":"2017-05-14T09:03:04+00:00","breadcrumb":{"@id":"https:\/\/www.refractarioskiloterm.com\/productos\/ktsc-hormigones-gunitados-por-via-humeda-de-alta-resistencia\/#breadcrumb"},"inLanguage":"fr-FR","potentialAction":[{"@type":"ReadAction","target":["https:\/\/www.refractarioskiloterm.com\/productos\/ktsc-hormigones-gunitados-por-via-humeda-de-alta-resistencia\/"]}]},{"@type":"ImageObject","inLanguage":"fr-FR","@id":"https:\/\/www.refractarioskiloterm.com\/productos\/ktsc-hormigones-gunitados-por-via-humeda-de-alta-resistencia\/#primaryimage","url":"http:\/\/www.refractarioskiloterm.com\/wp-content\/uploads\/2016\/11\/HORMIGONES-GUTINADOS-por-via-humeda.jpg","contentUrl":"http:\/\/www.refractarioskiloterm.com\/wp-content\/uploads\/2016\/11\/HORMIGONES-GUTINADOS-por-via-humeda.jpg"},{"@type":"BreadcrumbList","@id":"https:\/\/www.refractarioskiloterm.com\/productos\/ktsc-hormigones-gunitados-por-via-humeda-de-alta-resistencia\/#breadcrumb","itemListElement":[{"@type":"ListItem","position":1,"name":"Portada","item":"https:\/\/www.refractarioskiloterm.com\/"},{"@type":"ListItem","position":2,"name":"Productos","item":"https:\/\/www.refractarioskiloterm.com\/productos\/"},{"@type":"ListItem","position":3,"name":"KTSC HORMIGONES GUNITADOS POR V\u00cdA H\u00daMEDA DE ALTA RESISTENCIA"}]},{"@type":"WebSite","@id":"https:\/\/www.refractarioskiloterm.com\/#website","url":"https:\/\/www.refractarioskiloterm.com\/","name":"KiloTerm Hormigones refractarios","description":"Soluciones de alta tecnolog\u00eda a medida","potentialAction":[{"@type":"SearchAction","target":{"@type":"EntryPoint","urlTemplate":"https:\/\/www.refractarioskiloterm.com\/?s={search_term_string}"},"query-input":{"@type":"PropertyValueSpecification","valueRequired":true,"valueName":"search_term_string"}}],"inLanguage":"fr-FR"}]}},"_links":{"self":[{"href":"https:\/\/www.refractarioskiloterm.com\/fr\/wp-json\/wp\/v2\/pages\/762"}],"collection":[{"href":"https:\/\/www.refractarioskiloterm.com\/fr\/wp-json\/wp\/v2\/pages"}],"about":[{"href":"https:\/\/www.refractarioskiloterm.com\/fr\/wp-json\/wp\/v2\/types\/page"}],"author":[{"embeddable":true,"href":"https:\/\/www.refractarioskiloterm.com\/fr\/wp-json\/wp\/v2\/users\/6"}],"replies":[{"embeddable":true,"href":"https:\/\/www.refractarioskiloterm.com\/fr\/wp-json\/wp\/v2\/comments?post=762"}],"version-history":[{"count":4,"href":"https:\/\/www.refractarioskiloterm.com\/fr\/wp-json\/wp\/v2\/pages\/762\/revisions"}],"predecessor-version":[{"id":825,"href":"https:\/\/www.refractarioskiloterm.com\/fr\/wp-json\/wp\/v2\/pages\/762\/revisions\/825"}],"up":[{"embeddable":true,"href":"https:\/\/www.refractarioskiloterm.com\/fr\/wp-json\/wp\/v2\/pages\/514"}],"wp:attachment":[{"href":"https:\/\/www.refractarioskiloterm.com\/fr\/wp-json\/wp\/v2\/media?parent=762"}],"curies":[{"name":"wp","href":"https:\/\/api.w.org\/{rel}","templated":true}]}}