{"id":758,"date":"2016-11-06T11:16:50","date_gmt":"2016-11-06T10:16:50","guid":{"rendered":"http:\/\/www.refractarioskiloterm.com\/?page_id=758"},"modified":"2017-05-14T09:54:06","modified_gmt":"2017-05-14T08:54:06","slug":"ktf-fast-heating-concrete","status":"publish","type":"page","link":"https:\/\/www.refractarioskiloterm.com\/fr\/produits\/ktf-betons-a-chauffage-rapide\/","title":{"rendered":"KTF B\u00c9TONS \u00c0 CHAUFFAGE RAPIDE"},"content":{"rendered":"<p><img loading=\"lazy\" decoding=\"async\" class=\"alignright size-full wp-image-772\" src=\"http:\/\/www.refractarioskiloterm.com\/wp-content\/uploads\/2016\/03\/saco-hormigon-refractario.jpg\" alt=\"sac b\u00e9ton r\u00e9fractaire\" width=\"287\" height=\"412\" srcset=\"https:\/\/www.refractarioskiloterm.com\/wp-content\/uploads\/2016\/03\/saco-hormigon-refractario.jpg 287w, https:\/\/www.refractarioskiloterm.com\/wp-content\/uploads\/2016\/03\/saco-hormigon-refractario-209x300.jpg 209w\" sizes=\"(max-width: 287px) 100vw, 287px\" \/>Gamme de b\u00e9tons qui en maintenant les caract\u00e9ristiques de r\u00e9sistance m\u00e9canique \u00e0 la compression, abrasion et aux propri\u00e9t\u00e9s face aux attaques chimiques de nos b\u00e9tons \u00e0 faible contenu en ciment, permet de r\u00e9aliser un chauffage plus rapide, avec l\u2019\u00e9conomie d\u2019\u00e9nergie que cela repr\u00e9sente.<\/p>\n<p>Gr\u00e2ce \u00e0 la technologie nanom\u00e9trique, nous sommes parvenus \u00e0 supprimer le liant hydraulique, c\u2019est-\u00e0-dire, \u00e0 supprimer dans la matrice du b\u00e9ton les mol\u00e9cules d\u2019eau de constitution, qui provoquent sa rupture pendant le chauffage du four, provoquant un spalling.<\/p>\n<p>Cette gamme de b\u00e9tons poss\u00e8de une matrice \u00e0 haute viscosit\u00e9, dont la perm\u00e9abilit\u00e9 \u00e0 basse temp\u00e9rature est sup\u00e9rieure \u00e0 celle que pr\u00e9sentent les autres gammes de b\u00e9tons r\u00e9fractaires, ce qui facilite le s\u00e9chage, leur conf\u00e8re une plus grande r\u00e9sistance face aux chocs thermiques et aux attaques chimiques.<\/p>\n<p>Notre gamme de b\u00e9tons KTF, englobe des mat\u00e9riaux de 40 % \u00e0 96 % d\u2019alumine et avec diff\u00e9rents taux de contenu en SiC.<\/p>","protected":false},"excerpt":{"rendered":"<p>Gamme de b\u00e9tons qui en maintenant les caract\u00e9ristiques de r\u00e9sistance m\u00e9canique \u00e0 la compression, abrasion et aux propri\u00e9t\u00e9s face aux attaques chimiques de nos b\u00e9tons <\/p>\n","protected":false},"author":6,"featured_media":0,"parent":514,"menu_order":5,"comment_status":"closed","ping_status":"closed","template":"page-cubiertas.php","meta":{"footnotes":""},"class_list":["post-758","page","type-page","status-publish","hentry"],"yoast_head":"<!-- This site is optimized with the Yoast SEO plugin v23.6 - https:\/\/yoast.com\/wordpress\/plugins\/seo\/ -->\n<title>KTF HORMIGONES DE CALENTAMIENTO R\u00c1PIDO<\/title>\n<meta name=\"robots\" content=\"index, follow, max-snippet:-1, max-image-preview:large, max-video-preview:-1\" \/>\n<link rel=\"canonical\" href=\"https:\/\/www.refractarioskiloterm.com\/productos\/ktf-hormigones-de-calentamiento-rapido\/\" \/>\n<meta property=\"og:locale\" content=\"fr_FR\" \/>\n<meta property=\"og:type\" content=\"article\" \/>\n<meta property=\"og:title\" content=\"KTF HORMIGONES DE CALENTAMIENTO R\u00c1PIDO\" \/>\n<meta property=\"og:description\" content=\"Gamme de b\u00e9tons qui en maintenant les caract\u00e9ristiques de r\u00e9sistance m\u00e9canique \u00e0 la compression, abrasion et aux propri\u00e9t\u00e9s face aux attaques chimiques de nos b\u00e9tons\" \/>\n<meta property=\"og:url\" content=\"https:\/\/www.refractarioskiloterm.com\/productos\/ktf-hormigones-de-calentamiento-rapido\/\" \/>\n<meta property=\"og:site_name\" content=\"KiloTerm Hormigones refractarios\" \/>\n<meta property=\"article:modified_time\" content=\"2017-05-14T08:54:06+00:00\" \/>\n<meta property=\"og:image\" content=\"https:\/\/www.refractarioskiloterm.com\/wp-content\/uploads\/2016\/03\/saco-hormigon-refractario.jpg\" \/>\n\t<meta property=\"og:image:width\" content=\"287\" \/>\n\t<meta property=\"og:image:height\" content=\"412\" \/>\n\t<meta property=\"og:image:type\" content=\"image\/jpeg\" \/>\n<meta name=\"twitter:card\" content=\"summary_large_image\" \/>\n<meta name=\"twitter:label1\" content=\"Dur\u00e9e de lecture estim\u00e9e\" \/>\n\t<meta name=\"twitter:data1\" content=\"2 minutes\" \/>\n<script type=\"application\/ld+json\" class=\"yoast-schema-graph\">{\"@context\":\"https:\/\/schema.org\",\"@graph\":[{\"@type\":\"WebPage\",\"@id\":\"https:\/\/www.refractarioskiloterm.com\/productos\/ktf-hormigones-de-calentamiento-rapido\/\",\"url\":\"https:\/\/www.refractarioskiloterm.com\/productos\/ktf-hormigones-de-calentamiento-rapido\/\",\"name\":\"KTF HORMIGONES DE CALENTAMIENTO R\u00c1PIDO\",\"isPartOf\":{\"@id\":\"https:\/\/www.refractarioskiloterm.com\/#website\"},\"primaryImageOfPage\":{\"@id\":\"https:\/\/www.refractarioskiloterm.com\/productos\/ktf-hormigones-de-calentamiento-rapido\/#primaryimage\"},\"image\":{\"@id\":\"https:\/\/www.refractarioskiloterm.com\/productos\/ktf-hormigones-de-calentamiento-rapido\/#primaryimage\"},\"thumbnailUrl\":\"http:\/\/www.refractarioskiloterm.com\/wp-content\/uploads\/2016\/03\/saco-hormigon-refractario.jpg\",\"datePublished\":\"2016-11-06T10:16:50+00:00\",\"dateModified\":\"2017-05-14T08:54:06+00:00\",\"breadcrumb\":{\"@id\":\"https:\/\/www.refractarioskiloterm.com\/productos\/ktf-hormigones-de-calentamiento-rapido\/#breadcrumb\"},\"inLanguage\":\"fr-FR\",\"potentialAction\":[{\"@type\":\"ReadAction\",\"target\":[\"https:\/\/www.refractarioskiloterm.com\/productos\/ktf-hormigones-de-calentamiento-rapido\/\"]}]},{\"@type\":\"ImageObject\",\"inLanguage\":\"fr-FR\",\"@id\":\"https:\/\/www.refractarioskiloterm.com\/productos\/ktf-hormigones-de-calentamiento-rapido\/#primaryimage\",\"url\":\"http:\/\/www.refractarioskiloterm.com\/wp-content\/uploads\/2016\/03\/saco-hormigon-refractario.jpg\",\"contentUrl\":\"http:\/\/www.refractarioskiloterm.com\/wp-content\/uploads\/2016\/03\/saco-hormigon-refractario.jpg\"},{\"@type\":\"BreadcrumbList\",\"@id\":\"https:\/\/www.refractarioskiloterm.com\/productos\/ktf-hormigones-de-calentamiento-rapido\/#breadcrumb\",\"itemListElement\":[{\"@type\":\"ListItem\",\"position\":1,\"name\":\"Portada\",\"item\":\"https:\/\/www.refractarioskiloterm.com\/\"},{\"@type\":\"ListItem\",\"position\":2,\"name\":\"Productos\",\"item\":\"https:\/\/www.refractarioskiloterm.com\/productos\/\"},{\"@type\":\"ListItem\",\"position\":3,\"name\":\"KTF HORMIGONES DE CALENTAMIENTO R\u00c1PIDO\"}]},{\"@type\":\"WebSite\",\"@id\":\"https:\/\/www.refractarioskiloterm.com\/#website\",\"url\":\"https:\/\/www.refractarioskiloterm.com\/\",\"name\":\"KiloTerm Hormigones refractarios\",\"description\":\"Soluciones de alta tecnolog\u00eda a medida\",\"potentialAction\":[{\"@type\":\"SearchAction\",\"target\":{\"@type\":\"EntryPoint\",\"urlTemplate\":\"https:\/\/www.refractarioskiloterm.com\/?s={search_term_string}\"},\"query-input\":{\"@type\":\"PropertyValueSpecification\",\"valueRequired\":true,\"valueName\":\"search_term_string\"}}],\"inLanguage\":\"fr-FR\"}]}<\/script>\n<!-- \/ Yoast SEO plugin. -->","yoast_head_json":{"title":"KTF HORMIGONES DE CALENTAMIENTO R\u00c1PIDO","robots":{"index":"index","follow":"follow","max-snippet":"max-snippet:-1","max-image-preview":"max-image-preview:large","max-video-preview":"max-video-preview:-1"},"canonical":"https:\/\/www.refractarioskiloterm.com\/productos\/ktf-hormigones-de-calentamiento-rapido\/","og_locale":"fr_FR","og_type":"article","og_title":"KTF HORMIGONES DE CALENTAMIENTO R\u00c1PIDO","og_description":"Gamme de b\u00e9tons qui en maintenant les caract\u00e9ristiques de r\u00e9sistance m\u00e9canique \u00e0 la compression, abrasion et aux propri\u00e9t\u00e9s face aux attaques chimiques de nos b\u00e9tons","og_url":"https:\/\/www.refractarioskiloterm.com\/productos\/ktf-hormigones-de-calentamiento-rapido\/","og_site_name":"KiloTerm Hormigones refractarios","article_modified_time":"2017-05-14T08:54:06+00:00","og_image":[{"width":287,"height":412,"url":"https:\/\/www.refractarioskiloterm.com\/wp-content\/uploads\/2016\/03\/saco-hormigon-refractario.jpg","type":"image\/jpeg"}],"twitter_card":"summary_large_image","twitter_misc":{"Dur\u00e9e de lecture estim\u00e9e":"2 minutes"},"schema":{"@context":"https:\/\/schema.org","@graph":[{"@type":"WebPage","@id":"https:\/\/www.refractarioskiloterm.com\/productos\/ktf-hormigones-de-calentamiento-rapido\/","url":"https:\/\/www.refractarioskiloterm.com\/productos\/ktf-hormigones-de-calentamiento-rapido\/","name":"KTF HORMIGONES DE CALENTAMIENTO R\u00c1PIDO","isPartOf":{"@id":"https:\/\/www.refractarioskiloterm.com\/#website"},"primaryImageOfPage":{"@id":"https:\/\/www.refractarioskiloterm.com\/productos\/ktf-hormigones-de-calentamiento-rapido\/#primaryimage"},"image":{"@id":"https:\/\/www.refractarioskiloterm.com\/productos\/ktf-hormigones-de-calentamiento-rapido\/#primaryimage"},"thumbnailUrl":"http:\/\/www.refractarioskiloterm.com\/wp-content\/uploads\/2016\/03\/saco-hormigon-refractario.jpg","datePublished":"2016-11-06T10:16:50+00:00","dateModified":"2017-05-14T08:54:06+00:00","breadcrumb":{"@id":"https:\/\/www.refractarioskiloterm.com\/productos\/ktf-hormigones-de-calentamiento-rapido\/#breadcrumb"},"inLanguage":"fr-FR","potentialAction":[{"@type":"ReadAction","target":["https:\/\/www.refractarioskiloterm.com\/productos\/ktf-hormigones-de-calentamiento-rapido\/"]}]},{"@type":"ImageObject","inLanguage":"fr-FR","@id":"https:\/\/www.refractarioskiloterm.com\/productos\/ktf-hormigones-de-calentamiento-rapido\/#primaryimage","url":"http:\/\/www.refractarioskiloterm.com\/wp-content\/uploads\/2016\/03\/saco-hormigon-refractario.jpg","contentUrl":"http:\/\/www.refractarioskiloterm.com\/wp-content\/uploads\/2016\/03\/saco-hormigon-refractario.jpg"},{"@type":"BreadcrumbList","@id":"https:\/\/www.refractarioskiloterm.com\/productos\/ktf-hormigones-de-calentamiento-rapido\/#breadcrumb","itemListElement":[{"@type":"ListItem","position":1,"name":"Portada","item":"https:\/\/www.refractarioskiloterm.com\/"},{"@type":"ListItem","position":2,"name":"Productos","item":"https:\/\/www.refractarioskiloterm.com\/productos\/"},{"@type":"ListItem","position":3,"name":"KTF HORMIGONES DE CALENTAMIENTO R\u00c1PIDO"}]},{"@type":"WebSite","@id":"https:\/\/www.refractarioskiloterm.com\/#website","url":"https:\/\/www.refractarioskiloterm.com\/","name":"KiloTerm Hormigones refractarios","description":"Soluciones de alta tecnolog\u00eda a medida","potentialAction":[{"@type":"SearchAction","target":{"@type":"EntryPoint","urlTemplate":"https:\/\/www.refractarioskiloterm.com\/?s={search_term_string}"},"query-input":{"@type":"PropertyValueSpecification","valueRequired":true,"valueName":"search_term_string"}}],"inLanguage":"fr-FR"}]}},"_links":{"self":[{"href":"https:\/\/www.refractarioskiloterm.com\/fr\/wp-json\/wp\/v2\/pages\/758"}],"collection":[{"href":"https:\/\/www.refractarioskiloterm.com\/fr\/wp-json\/wp\/v2\/pages"}],"about":[{"href":"https:\/\/www.refractarioskiloterm.com\/fr\/wp-json\/wp\/v2\/types\/page"}],"author":[{"embeddable":true,"href":"https:\/\/www.refractarioskiloterm.com\/fr\/wp-json\/wp\/v2\/users\/6"}],"replies":[{"embeddable":true,"href":"https:\/\/www.refractarioskiloterm.com\/fr\/wp-json\/wp\/v2\/comments?post=758"}],"version-history":[{"count":3,"href":"https:\/\/www.refractarioskiloterm.com\/fr\/wp-json\/wp\/v2\/pages\/758\/revisions"}],"predecessor-version":[{"id":823,"href":"https:\/\/www.refractarioskiloterm.com\/fr\/wp-json\/wp\/v2\/pages\/758\/revisions\/823"}],"up":[{"embeddable":true,"href":"https:\/\/www.refractarioskiloterm.com\/fr\/wp-json\/wp\/v2\/pages\/514"}],"wp:attachment":[{"href":"https:\/\/www.refractarioskiloterm.com\/fr\/wp-json\/wp\/v2\/media?parent=758"}],"curies":[{"name":"wp","href":"https:\/\/api.w.org\/{rel}","templated":true}]}}