{"id":756,"date":"2016-11-06T11:15:55","date_gmt":"2016-11-06T10:15:55","guid":{"rendered":"http:\/\/www.refractarioskiloterm.com\/?page_id=756"},"modified":"2017-05-14T09:48:56","modified_gmt":"2017-05-14T08:48:56","slug":"ktsf-betons-auto-coulants","status":"publish","type":"page","link":"https:\/\/www.refractarioskiloterm.com\/fr\/produits\/ktsf-betons-auto-coulants\/","title":{"rendered":"KTSF B\u00c9TONS AUTO-COULANTS"},"content":{"rendered":"<p><img loading=\"lazy\" decoding=\"async\" class=\"alignright size-full wp-image-782\" src=\"http:\/\/www.refractarioskiloterm.com\/wp-content\/uploads\/2016\/11\/images-034.jpg\" alt=\"images-034\" width=\"292\" height=\"422\" srcset=\"https:\/\/www.refractarioskiloterm.com\/wp-content\/uploads\/2016\/11\/images-034.jpg 292w, https:\/\/www.refractarioskiloterm.com\/wp-content\/uploads\/2016\/11\/images-034-208x300.jpg 208w\" sizes=\"(max-width: 292px) 100vw, 292px\" \/>Leur caract\u00e9ristique principale est celle de poss\u00e9der une rh\u00e9ologie \u00e9tudi\u00e9e qui permet leur compactage sans besoin d\u2019utiliser des vibrateurs.<\/p>\n<p>Ils sont appliqu\u00e9s par collage, ou bien ils peuvent \u00eatre \u00e9galement appliqu\u00e9s par la technique du pompage, ce qui repr\u00e9sente une grande \u00e9conomie.<\/p>\n<p>L\u2019\u00e9conomie r\u00e9side aussi bien dans la r\u00e9duction du temps pass\u00e9 dans l\u2019application que dans le personnel n\u00e9cessaire pour la mise en place du mat\u00e9riau.<\/p>\n<p>Parmi les nombreuses applications qu\u2019il peut y avoir, ils sont tr\u00e8s recommandables pour la r\u00e9alisation de rev\u00eatements r\u00e9fractaires dans des zones difficiles d\u2019acc\u00e8s pour les ouvriers et\/ou vibrateurs.<\/p>\n<p>Notre gamme de b\u00e9tons KTV et KTSF poss\u00e8de des contenus d\u2019entre 40 et 96 % d\u2019alumine et avec diff\u00e9rents taux de contenu en SiC capables de travailler jusqu\u2019\u00e0 des temp\u00e9ratures de 1900 \u00baC.<\/p>","protected":false},"excerpt":{"rendered":"<p>Leur caract\u00e9ristique principale est celle de poss\u00e9der une rh\u00e9ologie \u00e9tudi\u00e9e qui permet leur compactage sans besoin d\u2019utiliser des vibrateurs. Ils sont appliqu\u00e9s par collage, ou <\/p>\n","protected":false},"author":6,"featured_media":0,"parent":514,"menu_order":4,"comment_status":"closed","ping_status":"closed","template":"page-cubiertas.php","meta":{"footnotes":""},"class_list":["post-756","page","type-page","status-publish","hentry"],"yoast_head":"<!-- This site is optimized with the Yoast SEO plugin v23.6 - https:\/\/yoast.com\/wordpress\/plugins\/seo\/ -->\n<title>KTSF HORMIGONES AUTOCOLABLES<\/title>\n<meta name=\"robots\" content=\"index, follow, max-snippet:-1, max-image-preview:large, max-video-preview:-1\" \/>\n<link rel=\"canonical\" href=\"https:\/\/www.refractarioskiloterm.com\/productos\/ktsf-hormigones-autocolables\/\" \/>\n<meta property=\"og:locale\" content=\"fr_FR\" \/>\n<meta property=\"og:type\" content=\"article\" \/>\n<meta property=\"og:title\" content=\"KTSF HORMIGONES AUTOCOLABLES\" \/>\n<meta property=\"og:description\" content=\"Leur caract\u00e9ristique principale est celle de poss\u00e9der une rh\u00e9ologie \u00e9tudi\u00e9e qui permet leur compactage sans besoin d\u2019utiliser des vibrateurs. Ils sont appliqu\u00e9s par collage, ou\" \/>\n<meta property=\"og:url\" content=\"https:\/\/www.refractarioskiloterm.com\/productos\/ktsf-hormigones-autocolables\/\" \/>\n<meta property=\"og:site_name\" content=\"KiloTerm Hormigones refractarios\" \/>\n<meta property=\"article:modified_time\" content=\"2017-05-14T08:48:56+00:00\" \/>\n<meta property=\"og:image\" content=\"https:\/\/www.refractarioskiloterm.com\/wp-content\/uploads\/2016\/11\/images-034.jpg\" \/>\n\t<meta property=\"og:image:width\" content=\"292\" \/>\n\t<meta property=\"og:image:height\" content=\"422\" \/>\n\t<meta property=\"og:image:type\" content=\"image\/jpeg\" \/>\n<meta name=\"twitter:card\" content=\"summary_large_image\" \/>\n<meta name=\"twitter:label1\" content=\"Dur\u00e9e de lecture estim\u00e9e\" \/>\n\t<meta name=\"twitter:data1\" content=\"2 minutes\" \/>\n<script type=\"application\/ld+json\" class=\"yoast-schema-graph\">{\"@context\":\"https:\/\/schema.org\",\"@graph\":[{\"@type\":\"WebPage\",\"@id\":\"https:\/\/www.refractarioskiloterm.com\/productos\/ktsf-hormigones-autocolables\/\",\"url\":\"https:\/\/www.refractarioskiloterm.com\/productos\/ktsf-hormigones-autocolables\/\",\"name\":\"KTSF HORMIGONES AUTOCOLABLES\",\"isPartOf\":{\"@id\":\"https:\/\/www.refractarioskiloterm.com\/#website\"},\"primaryImageOfPage\":{\"@id\":\"https:\/\/www.refractarioskiloterm.com\/productos\/ktsf-hormigones-autocolables\/#primaryimage\"},\"image\":{\"@id\":\"https:\/\/www.refractarioskiloterm.com\/productos\/ktsf-hormigones-autocolables\/#primaryimage\"},\"thumbnailUrl\":\"http:\/\/www.refractarioskiloterm.com\/wp-content\/uploads\/2016\/11\/images-034.jpg\",\"datePublished\":\"2016-11-06T10:15:55+00:00\",\"dateModified\":\"2017-05-14T08:48:56+00:00\",\"breadcrumb\":{\"@id\":\"https:\/\/www.refractarioskiloterm.com\/productos\/ktsf-hormigones-autocolables\/#breadcrumb\"},\"inLanguage\":\"fr-FR\",\"potentialAction\":[{\"@type\":\"ReadAction\",\"target\":[\"https:\/\/www.refractarioskiloterm.com\/productos\/ktsf-hormigones-autocolables\/\"]}]},{\"@type\":\"ImageObject\",\"inLanguage\":\"fr-FR\",\"@id\":\"https:\/\/www.refractarioskiloterm.com\/productos\/ktsf-hormigones-autocolables\/#primaryimage\",\"url\":\"http:\/\/www.refractarioskiloterm.com\/wp-content\/uploads\/2016\/11\/images-034.jpg\",\"contentUrl\":\"http:\/\/www.refractarioskiloterm.com\/wp-content\/uploads\/2016\/11\/images-034.jpg\"},{\"@type\":\"BreadcrumbList\",\"@id\":\"https:\/\/www.refractarioskiloterm.com\/productos\/ktsf-hormigones-autocolables\/#breadcrumb\",\"itemListElement\":[{\"@type\":\"ListItem\",\"position\":1,\"name\":\"Portada\",\"item\":\"https:\/\/www.refractarioskiloterm.com\/\"},{\"@type\":\"ListItem\",\"position\":2,\"name\":\"Productos\",\"item\":\"https:\/\/www.refractarioskiloterm.com\/productos\/\"},{\"@type\":\"ListItem\",\"position\":3,\"name\":\"KTSF HORMIGONES AUTOCOLABLES\"}]},{\"@type\":\"WebSite\",\"@id\":\"https:\/\/www.refractarioskiloterm.com\/#website\",\"url\":\"https:\/\/www.refractarioskiloterm.com\/\",\"name\":\"KiloTerm Hormigones refractarios\",\"description\":\"Soluciones de alta tecnolog\u00eda a medida\",\"potentialAction\":[{\"@type\":\"SearchAction\",\"target\":{\"@type\":\"EntryPoint\",\"urlTemplate\":\"https:\/\/www.refractarioskiloterm.com\/?s={search_term_string}\"},\"query-input\":{\"@type\":\"PropertyValueSpecification\",\"valueRequired\":true,\"valueName\":\"search_term_string\"}}],\"inLanguage\":\"fr-FR\"}]}<\/script>\n<!-- \/ Yoast SEO plugin. -->","yoast_head_json":{"title":"KTSF HORMIGONES AUTOCOLABLES","robots":{"index":"index","follow":"follow","max-snippet":"max-snippet:-1","max-image-preview":"max-image-preview:large","max-video-preview":"max-video-preview:-1"},"canonical":"https:\/\/www.refractarioskiloterm.com\/productos\/ktsf-hormigones-autocolables\/","og_locale":"fr_FR","og_type":"article","og_title":"KTSF HORMIGONES AUTOCOLABLES","og_description":"Leur caract\u00e9ristique principale est celle de poss\u00e9der une rh\u00e9ologie \u00e9tudi\u00e9e qui permet leur compactage sans besoin d\u2019utiliser des vibrateurs. Ils sont appliqu\u00e9s par collage, ou","og_url":"https:\/\/www.refractarioskiloterm.com\/productos\/ktsf-hormigones-autocolables\/","og_site_name":"KiloTerm Hormigones refractarios","article_modified_time":"2017-05-14T08:48:56+00:00","og_image":[{"width":292,"height":422,"url":"https:\/\/www.refractarioskiloterm.com\/wp-content\/uploads\/2016\/11\/images-034.jpg","type":"image\/jpeg"}],"twitter_card":"summary_large_image","twitter_misc":{"Dur\u00e9e de lecture estim\u00e9e":"2 minutes"},"schema":{"@context":"https:\/\/schema.org","@graph":[{"@type":"WebPage","@id":"https:\/\/www.refractarioskiloterm.com\/productos\/ktsf-hormigones-autocolables\/","url":"https:\/\/www.refractarioskiloterm.com\/productos\/ktsf-hormigones-autocolables\/","name":"KTSF HORMIGONES AUTOCOLABLES","isPartOf":{"@id":"https:\/\/www.refractarioskiloterm.com\/#website"},"primaryImageOfPage":{"@id":"https:\/\/www.refractarioskiloterm.com\/productos\/ktsf-hormigones-autocolables\/#primaryimage"},"image":{"@id":"https:\/\/www.refractarioskiloterm.com\/productos\/ktsf-hormigones-autocolables\/#primaryimage"},"thumbnailUrl":"http:\/\/www.refractarioskiloterm.com\/wp-content\/uploads\/2016\/11\/images-034.jpg","datePublished":"2016-11-06T10:15:55+00:00","dateModified":"2017-05-14T08:48:56+00:00","breadcrumb":{"@id":"https:\/\/www.refractarioskiloterm.com\/productos\/ktsf-hormigones-autocolables\/#breadcrumb"},"inLanguage":"fr-FR","potentialAction":[{"@type":"ReadAction","target":["https:\/\/www.refractarioskiloterm.com\/productos\/ktsf-hormigones-autocolables\/"]}]},{"@type":"ImageObject","inLanguage":"fr-FR","@id":"https:\/\/www.refractarioskiloterm.com\/productos\/ktsf-hormigones-autocolables\/#primaryimage","url":"http:\/\/www.refractarioskiloterm.com\/wp-content\/uploads\/2016\/11\/images-034.jpg","contentUrl":"http:\/\/www.refractarioskiloterm.com\/wp-content\/uploads\/2016\/11\/images-034.jpg"},{"@type":"BreadcrumbList","@id":"https:\/\/www.refractarioskiloterm.com\/productos\/ktsf-hormigones-autocolables\/#breadcrumb","itemListElement":[{"@type":"ListItem","position":1,"name":"Portada","item":"https:\/\/www.refractarioskiloterm.com\/"},{"@type":"ListItem","position":2,"name":"Productos","item":"https:\/\/www.refractarioskiloterm.com\/productos\/"},{"@type":"ListItem","position":3,"name":"KTSF HORMIGONES AUTOCOLABLES"}]},{"@type":"WebSite","@id":"https:\/\/www.refractarioskiloterm.com\/#website","url":"https:\/\/www.refractarioskiloterm.com\/","name":"KiloTerm Hormigones refractarios","description":"Soluciones de alta tecnolog\u00eda a medida","potentialAction":[{"@type":"SearchAction","target":{"@type":"EntryPoint","urlTemplate":"https:\/\/www.refractarioskiloterm.com\/?s={search_term_string}"},"query-input":{"@type":"PropertyValueSpecification","valueRequired":true,"valueName":"search_term_string"}}],"inLanguage":"fr-FR"}]}},"_links":{"self":[{"href":"https:\/\/www.refractarioskiloterm.com\/fr\/wp-json\/wp\/v2\/pages\/756"}],"collection":[{"href":"https:\/\/www.refractarioskiloterm.com\/fr\/wp-json\/wp\/v2\/pages"}],"about":[{"href":"https:\/\/www.refractarioskiloterm.com\/fr\/wp-json\/wp\/v2\/types\/page"}],"author":[{"embeddable":true,"href":"https:\/\/www.refractarioskiloterm.com\/fr\/wp-json\/wp\/v2\/users\/6"}],"replies":[{"embeddable":true,"href":"https:\/\/www.refractarioskiloterm.com\/fr\/wp-json\/wp\/v2\/comments?post=756"}],"version-history":[{"count":3,"href":"https:\/\/www.refractarioskiloterm.com\/fr\/wp-json\/wp\/v2\/pages\/756\/revisions"}],"predecessor-version":[{"id":822,"href":"https:\/\/www.refractarioskiloterm.com\/fr\/wp-json\/wp\/v2\/pages\/756\/revisions\/822"}],"up":[{"embeddable":true,"href":"https:\/\/www.refractarioskiloterm.com\/fr\/wp-json\/wp\/v2\/pages\/514"}],"wp:attachment":[{"href":"https:\/\/www.refractarioskiloterm.com\/fr\/wp-json\/wp\/v2\/media?parent=756"}],"curies":[{"name":"wp","href":"https:\/\/api.w.org\/{rel}","templated":true}]}}