{"id":754,"date":"2016-11-06T11:15:11","date_gmt":"2016-11-06T10:15:11","guid":{"rendered":"http:\/\/www.refractarioskiloterm.com\/?page_id=754"},"modified":"2017-05-14T09:45:29","modified_gmt":"2017-05-14T08:45:29","slug":"ktv-betons-vibres","status":"publish","type":"page","link":"https:\/\/www.refractarioskiloterm.com\/fr\/produits\/ktv-betons-vibres\/","title":{"rendered":"KTV B\u00c9TONS VIBR\u00c9S"},"content":{"rendered":"<p>Leur composition sur la base des mati\u00e8res premi\u00e8res de grande puret\u00e9 et leurs caract\u00e9ristiques techniques et m\u00e9caniques leur conf\u00e8rent une s\u00e9rie de propri\u00e9t\u00e9s :<img loading=\"lazy\" decoding=\"async\" class=\"alignright wp-image-780 size-full\" src=\"http:\/\/www.refractarioskiloterm.com\/wp-content\/uploads\/2016\/11\/images-033.jpg\" alt=\"KTV B\u00c9TONS VIBR\u00c9S\" width=\"339\" height=\"159\" srcset=\"https:\/\/www.refractarioskiloterm.com\/wp-content\/uploads\/2016\/11\/images-033.jpg 339w, https:\/\/www.refractarioskiloterm.com\/wp-content\/uploads\/2016\/11\/images-033-300x141.jpg 300w\" sizes=\"(max-width: 339px) 100vw, 339px\" \/><\/p>\n<ul>\n<li>Une grande stabilit\u00e9 dimensionnelle, ce qui permet la conservation de la structure avec une grande solidit\u00e9 et stabilit\u00e9.<\/li>\n<li>Une tr\u00e8s haute r\u00e9sistance m\u00e9canique \u00e0 l\u2019\u00e9rosion, ce qui permet une grande dur\u00e9e de la surface de travail.<\/li>\n<li>Leur r\u00e9sistance m\u00e9canique augmente en outre dans la mesure o\u00f9 la temp\u00e9rature augmente.<\/li>\n<li>Faible contenu en fondants (par le faible contenu en ciment) comme le CaO, Na2O et K2O.<\/li>\n<\/ul>\n<p><\/p>","protected":false},"excerpt":{"rendered":"<p>Leur composition sur la base des mati\u00e8res premi\u00e8res de grande puret\u00e9 et leurs caract\u00e9ristiques techniques et m\u00e9caniques leur conf\u00e8rent une s\u00e9rie de propri\u00e9t\u00e9s : Une <\/p>\n","protected":false},"author":6,"featured_media":0,"parent":514,"menu_order":3,"comment_status":"closed","ping_status":"closed","template":"page-cubiertas.php","meta":{"footnotes":""},"class_list":["post-754","page","type-page","status-publish","hentry"],"yoast_head":"<!-- This site is optimized with the Yoast SEO plugin v23.6 - https:\/\/yoast.com\/wordpress\/plugins\/seo\/ -->\n<title>KTV HORMIGONES VIBRADOS<\/title>\n<meta name=\"robots\" content=\"index, follow, max-snippet:-1, max-image-preview:large, max-video-preview:-1\" \/>\n<link rel=\"canonical\" href=\"https:\/\/www.refractarioskiloterm.com\/productos\/ktv-hormigones-vibrados\/\" \/>\n<meta property=\"og:locale\" content=\"fr_FR\" \/>\n<meta property=\"og:type\" content=\"article\" \/>\n<meta property=\"og:title\" content=\"KTV HORMIGONES VIBRADOS\" \/>\n<meta property=\"og:description\" content=\"Leur composition sur la base des mati\u00e8res premi\u00e8res de grande puret\u00e9 et leurs caract\u00e9ristiques techniques et m\u00e9caniques leur conf\u00e8rent une s\u00e9rie de propri\u00e9t\u00e9s : Une\" \/>\n<meta property=\"og:url\" content=\"https:\/\/www.refractarioskiloterm.com\/productos\/ktv-hormigones-vibrados\/\" \/>\n<meta property=\"og:site_name\" content=\"KiloTerm Hormigones refractarios\" \/>\n<meta property=\"article:modified_time\" content=\"2017-05-14T08:45:29+00:00\" \/>\n<meta property=\"og:image\" content=\"https:\/\/www.refractarioskiloterm.com\/wp-content\/uploads\/2016\/11\/images-033.jpg\" \/>\n\t<meta property=\"og:image:width\" content=\"339\" \/>\n\t<meta property=\"og:image:height\" content=\"159\" \/>\n\t<meta property=\"og:image:type\" content=\"image\/jpeg\" \/>\n<meta name=\"twitter:card\" content=\"summary_large_image\" \/>\n<meta name=\"twitter:label1\" content=\"Dur\u00e9e de lecture estim\u00e9e\" \/>\n\t<meta name=\"twitter:data1\" content=\"1 minute\" \/>\n<script type=\"application\/ld+json\" class=\"yoast-schema-graph\">{\"@context\":\"https:\/\/schema.org\",\"@graph\":[{\"@type\":\"WebPage\",\"@id\":\"https:\/\/www.refractarioskiloterm.com\/productos\/ktv-hormigones-vibrados\/\",\"url\":\"https:\/\/www.refractarioskiloterm.com\/productos\/ktv-hormigones-vibrados\/\",\"name\":\"KTV HORMIGONES VIBRADOS\",\"isPartOf\":{\"@id\":\"https:\/\/www.refractarioskiloterm.com\/#website\"},\"primaryImageOfPage\":{\"@id\":\"https:\/\/www.refractarioskiloterm.com\/productos\/ktv-hormigones-vibrados\/#primaryimage\"},\"image\":{\"@id\":\"https:\/\/www.refractarioskiloterm.com\/productos\/ktv-hormigones-vibrados\/#primaryimage\"},\"thumbnailUrl\":\"http:\/\/www.refractarioskiloterm.com\/wp-content\/uploads\/2016\/11\/images-033.jpg\",\"datePublished\":\"2016-11-06T10:15:11+00:00\",\"dateModified\":\"2017-05-14T08:45:29+00:00\",\"breadcrumb\":{\"@id\":\"https:\/\/www.refractarioskiloterm.com\/productos\/ktv-hormigones-vibrados\/#breadcrumb\"},\"inLanguage\":\"fr-FR\",\"potentialAction\":[{\"@type\":\"ReadAction\",\"target\":[\"https:\/\/www.refractarioskiloterm.com\/productos\/ktv-hormigones-vibrados\/\"]}]},{\"@type\":\"ImageObject\",\"inLanguage\":\"fr-FR\",\"@id\":\"https:\/\/www.refractarioskiloterm.com\/productos\/ktv-hormigones-vibrados\/#primaryimage\",\"url\":\"http:\/\/www.refractarioskiloterm.com\/wp-content\/uploads\/2016\/11\/images-033.jpg\",\"contentUrl\":\"http:\/\/www.refractarioskiloterm.com\/wp-content\/uploads\/2016\/11\/images-033.jpg\"},{\"@type\":\"BreadcrumbList\",\"@id\":\"https:\/\/www.refractarioskiloterm.com\/productos\/ktv-hormigones-vibrados\/#breadcrumb\",\"itemListElement\":[{\"@type\":\"ListItem\",\"position\":1,\"name\":\"Portada\",\"item\":\"https:\/\/www.refractarioskiloterm.com\/\"},{\"@type\":\"ListItem\",\"position\":2,\"name\":\"Productos\",\"item\":\"https:\/\/www.refractarioskiloterm.com\/productos\/\"},{\"@type\":\"ListItem\",\"position\":3,\"name\":\"KTV HORMIGONES VIBRADOS\"}]},{\"@type\":\"WebSite\",\"@id\":\"https:\/\/www.refractarioskiloterm.com\/#website\",\"url\":\"https:\/\/www.refractarioskiloterm.com\/\",\"name\":\"KiloTerm Hormigones refractarios\",\"description\":\"Soluciones de alta tecnolog\u00eda a medida\",\"potentialAction\":[{\"@type\":\"SearchAction\",\"target\":{\"@type\":\"EntryPoint\",\"urlTemplate\":\"https:\/\/www.refractarioskiloterm.com\/?s={search_term_string}\"},\"query-input\":{\"@type\":\"PropertyValueSpecification\",\"valueRequired\":true,\"valueName\":\"search_term_string\"}}],\"inLanguage\":\"fr-FR\"}]}<\/script>\n<!-- \/ Yoast SEO plugin. -->","yoast_head_json":{"title":"KTV HORMIGONES VIBRADOS","robots":{"index":"index","follow":"follow","max-snippet":"max-snippet:-1","max-image-preview":"max-image-preview:large","max-video-preview":"max-video-preview:-1"},"canonical":"https:\/\/www.refractarioskiloterm.com\/productos\/ktv-hormigones-vibrados\/","og_locale":"fr_FR","og_type":"article","og_title":"KTV HORMIGONES VIBRADOS","og_description":"Leur composition sur la base des mati\u00e8res premi\u00e8res de grande puret\u00e9 et leurs caract\u00e9ristiques techniques et m\u00e9caniques leur conf\u00e8rent une s\u00e9rie de propri\u00e9t\u00e9s : Une","og_url":"https:\/\/www.refractarioskiloterm.com\/productos\/ktv-hormigones-vibrados\/","og_site_name":"KiloTerm Hormigones refractarios","article_modified_time":"2017-05-14T08:45:29+00:00","og_image":[{"width":339,"height":159,"url":"https:\/\/www.refractarioskiloterm.com\/wp-content\/uploads\/2016\/11\/images-033.jpg","type":"image\/jpeg"}],"twitter_card":"summary_large_image","twitter_misc":{"Dur\u00e9e de lecture estim\u00e9e":"1 minute"},"schema":{"@context":"https:\/\/schema.org","@graph":[{"@type":"WebPage","@id":"https:\/\/www.refractarioskiloterm.com\/productos\/ktv-hormigones-vibrados\/","url":"https:\/\/www.refractarioskiloterm.com\/productos\/ktv-hormigones-vibrados\/","name":"KTV HORMIGONES VIBRADOS","isPartOf":{"@id":"https:\/\/www.refractarioskiloterm.com\/#website"},"primaryImageOfPage":{"@id":"https:\/\/www.refractarioskiloterm.com\/productos\/ktv-hormigones-vibrados\/#primaryimage"},"image":{"@id":"https:\/\/www.refractarioskiloterm.com\/productos\/ktv-hormigones-vibrados\/#primaryimage"},"thumbnailUrl":"http:\/\/www.refractarioskiloterm.com\/wp-content\/uploads\/2016\/11\/images-033.jpg","datePublished":"2016-11-06T10:15:11+00:00","dateModified":"2017-05-14T08:45:29+00:00","breadcrumb":{"@id":"https:\/\/www.refractarioskiloterm.com\/productos\/ktv-hormigones-vibrados\/#breadcrumb"},"inLanguage":"fr-FR","potentialAction":[{"@type":"ReadAction","target":["https:\/\/www.refractarioskiloterm.com\/productos\/ktv-hormigones-vibrados\/"]}]},{"@type":"ImageObject","inLanguage":"fr-FR","@id":"https:\/\/www.refractarioskiloterm.com\/productos\/ktv-hormigones-vibrados\/#primaryimage","url":"http:\/\/www.refractarioskiloterm.com\/wp-content\/uploads\/2016\/11\/images-033.jpg","contentUrl":"http:\/\/www.refractarioskiloterm.com\/wp-content\/uploads\/2016\/11\/images-033.jpg"},{"@type":"BreadcrumbList","@id":"https:\/\/www.refractarioskiloterm.com\/productos\/ktv-hormigones-vibrados\/#breadcrumb","itemListElement":[{"@type":"ListItem","position":1,"name":"Portada","item":"https:\/\/www.refractarioskiloterm.com\/"},{"@type":"ListItem","position":2,"name":"Productos","item":"https:\/\/www.refractarioskiloterm.com\/productos\/"},{"@type":"ListItem","position":3,"name":"KTV HORMIGONES VIBRADOS"}]},{"@type":"WebSite","@id":"https:\/\/www.refractarioskiloterm.com\/#website","url":"https:\/\/www.refractarioskiloterm.com\/","name":"KiloTerm Hormigones refractarios","description":"Soluciones de alta tecnolog\u00eda a medida","potentialAction":[{"@type":"SearchAction","target":{"@type":"EntryPoint","urlTemplate":"https:\/\/www.refractarioskiloterm.com\/?s={search_term_string}"},"query-input":{"@type":"PropertyValueSpecification","valueRequired":true,"valueName":"search_term_string"}}],"inLanguage":"fr-FR"}]}},"_links":{"self":[{"href":"https:\/\/www.refractarioskiloterm.com\/fr\/wp-json\/wp\/v2\/pages\/754"}],"collection":[{"href":"https:\/\/www.refractarioskiloterm.com\/fr\/wp-json\/wp\/v2\/pages"}],"about":[{"href":"https:\/\/www.refractarioskiloterm.com\/fr\/wp-json\/wp\/v2\/types\/page"}],"author":[{"embeddable":true,"href":"https:\/\/www.refractarioskiloterm.com\/fr\/wp-json\/wp\/v2\/users\/6"}],"replies":[{"embeddable":true,"href":"https:\/\/www.refractarioskiloterm.com\/fr\/wp-json\/wp\/v2\/comments?post=754"}],"version-history":[{"count":4,"href":"https:\/\/www.refractarioskiloterm.com\/fr\/wp-json\/wp\/v2\/pages\/754\/revisions"}],"predecessor-version":[{"id":821,"href":"https:\/\/www.refractarioskiloterm.com\/fr\/wp-json\/wp\/v2\/pages\/754\/revisions\/821"}],"up":[{"embeddable":true,"href":"https:\/\/www.refractarioskiloterm.com\/fr\/wp-json\/wp\/v2\/pages\/514"}],"wp:attachment":[{"href":"https:\/\/www.refractarioskiloterm.com\/fr\/wp-json\/wp\/v2\/media?parent=754"}],"curies":[{"name":"wp","href":"https:\/\/api.w.org\/{rel}","templated":true}]}}