{"id":686,"date":"2016-04-16T12:57:58","date_gmt":"2016-04-16T11:57:58","guid":{"rendered":"http:\/\/www.refractarioskiloterm.com\/?page_id=686"},"modified":"2017-05-13T12:09:46","modified_gmt":"2017-05-13T11:09:46","slug":"lista-de-materiales","status":"publish","type":"page","link":"https:\/\/www.refractarioskiloterm.com\/fr\/liste-des-materiaux\/","title":{"rendered":"Liste des mat\u00e9riaux"},"content":{"rendered":"<p><img loading=\"lazy\" decoding=\"async\" class=\"size-medium wp-image-772 alignright\" src=\"http:\/\/www.refractarioskiloterm.com\/wp-content\/uploads\/2016\/03\/saco-hormigon-refractario-209x300.jpg\" alt=\"saco hormig\u00f3n refractario\" width=\"209\" height=\"300\" srcset=\"https:\/\/www.refractarioskiloterm.com\/wp-content\/uploads\/2016\/03\/saco-hormigon-refractario-209x300.jpg 209w, https:\/\/www.refractarioskiloterm.com\/wp-content\/uploads\/2016\/03\/saco-hormigon-refractario.jpg 287w\" sizes=\"(max-width: 209px) 100vw, 209px\" \/>\u00c9CHANGEUR CYCLONIQUE<\/p>\n<ul>\n<li>KTV-10<\/li>\n<li>KTV-11<\/li>\n<\/ul>\n<p>CALCINATEUR ET BO\u00ceTE \u00c0 FUM\u00c9E<\/p>\n<ul>\n<li>KTV-20 SC<\/li>\n<li>KTV-40 SC<\/li>\n<li>KTSF-35 SC<\/li>\n<li>KTF-40 SC<\/li>\n<\/ul>\n<p>NOSE RING<\/p>\n<ul>\n<li>KTV-60 SC<\/li>\n<li>KTF-60 SC<\/li>\n<\/ul>\n<p>CAPOT DE CHAUFFE ET REFROIDISSEUR<\/p>\n<ul>\n<li>KTV-18<\/li>\n<li>KTSF-32<\/li>\n<li>KTF-30<\/li>\n<\/ul>\n<p>BR\u00dbLEUR<\/p>\n<ul>\n<li>KTSF-85<\/li>\n<li>KTSF-85 F<\/li>\n<\/ul>\n<p><\/p>","protected":false},"excerpt":{"rendered":"<p>\u00c9CHANGEUR CYCLONIQUE KTV-10 KTV-11 CALCINATEUR ET BO\u00ceTE \u00c0 FUM\u00c9E KTV-20 SC KTV-40 SC KTSF-35 SC KTF-40 SC NOSE RING KTV-60 SC KTF-60 SC CAPOT DE <\/p>\n","protected":false},"author":6,"featured_media":0,"parent":0,"menu_order":2,"comment_status":"closed","ping_status":"closed","template":"page-cubiertas.php","meta":{"footnotes":""},"class_list":["post-686","page","type-page","status-publish","hentry"],"yoast_head":"<!-- This site is optimized with the Yoast SEO plugin v23.6 - https:\/\/yoast.com\/wordpress\/plugins\/seo\/ -->\n<title>Liste des mat\u00e9riaux - KiloTerm Hormigones refractarios<\/title>\n<meta name=\"robots\" content=\"index, follow, max-snippet:-1, max-image-preview:large, max-video-preview:-1\" \/>\n<link rel=\"canonical\" href=\"https:\/\/www.refractarioskiloterm.com\/lista-de-materiales\/\" \/>\n<meta property=\"og:locale\" content=\"fr_FR\" \/>\n<meta property=\"og:type\" content=\"article\" \/>\n<meta property=\"og:title\" content=\"[:es]Lista de materiales[:en]List of materials[:fr]Liste des mat\u00e9riaux[:] - KiloTerm Hormigones refractarios\" \/>\n<meta property=\"og:description\" content=\"\u00c9CHANGEUR CYCLONIQUE KTV-10 KTV-11 CALCINATEUR ET BO\u00ceTE \u00c0 FUM\u00c9E KTV-20 SC KTV-40 SC KTSF-35 SC KTF-40 SC NOSE RING KTV-60 SC KTF-60 SC CAPOT DE\" \/>\n<meta property=\"og:url\" content=\"https:\/\/www.refractarioskiloterm.com\/lista-de-materiales\/\" \/>\n<meta property=\"og:site_name\" content=\"KiloTerm Hormigones refractarios\" \/>\n<meta property=\"article:modified_time\" content=\"2017-05-13T11:09:46+00:00\" \/>\n<meta property=\"og:image\" content=\"https:\/\/www.refractarioskiloterm.com\/wp-content\/uploads\/2016\/03\/saco-hormigon-refractario.jpg\" \/>\n\t<meta property=\"og:image:width\" content=\"287\" \/>\n\t<meta property=\"og:image:height\" content=\"412\" \/>\n\t<meta property=\"og:image:type\" content=\"image\/jpeg\" \/>\n<meta name=\"twitter:card\" content=\"summary_large_image\" \/>\n<meta name=\"twitter:label1\" content=\"Dur\u00e9e de lecture estim\u00e9e\" \/>\n\t<meta name=\"twitter:data1\" content=\"1 minute\" \/>\n<script type=\"application\/ld+json\" class=\"yoast-schema-graph\">{\"@context\":\"https:\/\/schema.org\",\"@graph\":[{\"@type\":\"WebPage\",\"@id\":\"https:\/\/www.refractarioskiloterm.com\/lista-de-materiales\/\",\"url\":\"https:\/\/www.refractarioskiloterm.com\/lista-de-materiales\/\",\"name\":\"[:es]Lista de materiales[:en]List of materials[:fr]Liste des mat\u00e9riaux[:] - KiloTerm Hormigones refractarios\",\"isPartOf\":{\"@id\":\"https:\/\/www.refractarioskiloterm.com\/#website\"},\"primaryImageOfPage\":{\"@id\":\"https:\/\/www.refractarioskiloterm.com\/lista-de-materiales\/#primaryimage\"},\"image\":{\"@id\":\"https:\/\/www.refractarioskiloterm.com\/lista-de-materiales\/#primaryimage\"},\"thumbnailUrl\":\"http:\/\/www.refractarioskiloterm.com\/wp-content\/uploads\/2016\/03\/saco-hormigon-refractario-209x300.jpg\",\"datePublished\":\"2016-04-16T11:57:58+00:00\",\"dateModified\":\"2017-05-13T11:09:46+00:00\",\"breadcrumb\":{\"@id\":\"https:\/\/www.refractarioskiloterm.com\/lista-de-materiales\/#breadcrumb\"},\"inLanguage\":\"fr-FR\",\"potentialAction\":[{\"@type\":\"ReadAction\",\"target\":[\"https:\/\/www.refractarioskiloterm.com\/lista-de-materiales\/\"]}]},{\"@type\":\"ImageObject\",\"inLanguage\":\"fr-FR\",\"@id\":\"https:\/\/www.refractarioskiloterm.com\/lista-de-materiales\/#primaryimage\",\"url\":\"http:\/\/www.refractarioskiloterm.com\/wp-content\/uploads\/2016\/03\/saco-hormigon-refractario-209x300.jpg\",\"contentUrl\":\"http:\/\/www.refractarioskiloterm.com\/wp-content\/uploads\/2016\/03\/saco-hormigon-refractario-209x300.jpg\"},{\"@type\":\"BreadcrumbList\",\"@id\":\"https:\/\/www.refractarioskiloterm.com\/lista-de-materiales\/#breadcrumb\",\"itemListElement\":[{\"@type\":\"ListItem\",\"position\":1,\"name\":\"Portada\",\"item\":\"https:\/\/www.refractarioskiloterm.com\/\"},{\"@type\":\"ListItem\",\"position\":2,\"name\":\"Lista de materiales\"}]},{\"@type\":\"WebSite\",\"@id\":\"https:\/\/www.refractarioskiloterm.com\/#website\",\"url\":\"https:\/\/www.refractarioskiloterm.com\/\",\"name\":\"KiloTerm Hormigones refractarios\",\"description\":\"Soluciones de alta tecnolog\u00eda a medida\",\"potentialAction\":[{\"@type\":\"SearchAction\",\"target\":{\"@type\":\"EntryPoint\",\"urlTemplate\":\"https:\/\/www.refractarioskiloterm.com\/?s={search_term_string}\"},\"query-input\":{\"@type\":\"PropertyValueSpecification\",\"valueRequired\":true,\"valueName\":\"search_term_string\"}}],\"inLanguage\":\"fr-FR\"}]}<\/script>\n<!-- \/ Yoast SEO plugin. -->","yoast_head_json":{"title":"[:es]Lista de materiales[:en]List of materials[:fr]Liste des mat\u00e9riaux[:] - KiloTerm Hormigones refractarios","robots":{"index":"index","follow":"follow","max-snippet":"max-snippet:-1","max-image-preview":"max-image-preview:large","max-video-preview":"max-video-preview:-1"},"canonical":"https:\/\/www.refractarioskiloterm.com\/lista-de-materiales\/","og_locale":"fr_FR","og_type":"article","og_title":"[:es]Lista de materiales[:en]List of materials[:fr]Liste des mat\u00e9riaux[:] - KiloTerm Hormigones refractarios","og_description":"\u00c9CHANGEUR CYCLONIQUE KTV-10 KTV-11 CALCINATEUR ET BO\u00ceTE \u00c0 FUM\u00c9E KTV-20 SC KTV-40 SC KTSF-35 SC KTF-40 SC NOSE RING KTV-60 SC KTF-60 SC CAPOT DE","og_url":"https:\/\/www.refractarioskiloterm.com\/lista-de-materiales\/","og_site_name":"KiloTerm Hormigones refractarios","article_modified_time":"2017-05-13T11:09:46+00:00","og_image":[{"width":287,"height":412,"url":"https:\/\/www.refractarioskiloterm.com\/wp-content\/uploads\/2016\/03\/saco-hormigon-refractario.jpg","type":"image\/jpeg"}],"twitter_card":"summary_large_image","twitter_misc":{"Dur\u00e9e de lecture estim\u00e9e":"1 minute"},"schema":{"@context":"https:\/\/schema.org","@graph":[{"@type":"WebPage","@id":"https:\/\/www.refractarioskiloterm.com\/lista-de-materiales\/","url":"https:\/\/www.refractarioskiloterm.com\/lista-de-materiales\/","name":"[:es]Lista de materiales[:en]List of materials[:fr]Liste des mat\u00e9riaux[:] - KiloTerm Hormigones refractarios","isPartOf":{"@id":"https:\/\/www.refractarioskiloterm.com\/#website"},"primaryImageOfPage":{"@id":"https:\/\/www.refractarioskiloterm.com\/lista-de-materiales\/#primaryimage"},"image":{"@id":"https:\/\/www.refractarioskiloterm.com\/lista-de-materiales\/#primaryimage"},"thumbnailUrl":"http:\/\/www.refractarioskiloterm.com\/wp-content\/uploads\/2016\/03\/saco-hormigon-refractario-209x300.jpg","datePublished":"2016-04-16T11:57:58+00:00","dateModified":"2017-05-13T11:09:46+00:00","breadcrumb":{"@id":"https:\/\/www.refractarioskiloterm.com\/lista-de-materiales\/#breadcrumb"},"inLanguage":"fr-FR","potentialAction":[{"@type":"ReadAction","target":["https:\/\/www.refractarioskiloterm.com\/lista-de-materiales\/"]}]},{"@type":"ImageObject","inLanguage":"fr-FR","@id":"https:\/\/www.refractarioskiloterm.com\/lista-de-materiales\/#primaryimage","url":"http:\/\/www.refractarioskiloterm.com\/wp-content\/uploads\/2016\/03\/saco-hormigon-refractario-209x300.jpg","contentUrl":"http:\/\/www.refractarioskiloterm.com\/wp-content\/uploads\/2016\/03\/saco-hormigon-refractario-209x300.jpg"},{"@type":"BreadcrumbList","@id":"https:\/\/www.refractarioskiloterm.com\/lista-de-materiales\/#breadcrumb","itemListElement":[{"@type":"ListItem","position":1,"name":"Portada","item":"https:\/\/www.refractarioskiloterm.com\/"},{"@type":"ListItem","position":2,"name":"Lista de materiales"}]},{"@type":"WebSite","@id":"https:\/\/www.refractarioskiloterm.com\/#website","url":"https:\/\/www.refractarioskiloterm.com\/","name":"KiloTerm Hormigones refractarios","description":"Soluciones de alta tecnolog\u00eda a medida","potentialAction":[{"@type":"SearchAction","target":{"@type":"EntryPoint","urlTemplate":"https:\/\/www.refractarioskiloterm.com\/?s={search_term_string}"},"query-input":{"@type":"PropertyValueSpecification","valueRequired":true,"valueName":"search_term_string"}}],"inLanguage":"fr-FR"}]}},"_links":{"self":[{"href":"https:\/\/www.refractarioskiloterm.com\/fr\/wp-json\/wp\/v2\/pages\/686"}],"collection":[{"href":"https:\/\/www.refractarioskiloterm.com\/fr\/wp-json\/wp\/v2\/pages"}],"about":[{"href":"https:\/\/www.refractarioskiloterm.com\/fr\/wp-json\/wp\/v2\/types\/page"}],"author":[{"embeddable":true,"href":"https:\/\/www.refractarioskiloterm.com\/fr\/wp-json\/wp\/v2\/users\/6"}],"replies":[{"embeddable":true,"href":"https:\/\/www.refractarioskiloterm.com\/fr\/wp-json\/wp\/v2\/comments?post=686"}],"version-history":[{"count":7,"href":"https:\/\/www.refractarioskiloterm.com\/fr\/wp-json\/wp\/v2\/pages\/686\/revisions"}],"predecessor-version":[{"id":818,"href":"https:\/\/www.refractarioskiloterm.com\/fr\/wp-json\/wp\/v2\/pages\/686\/revisions\/818"}],"wp:attachment":[{"href":"https:\/\/www.refractarioskiloterm.com\/fr\/wp-json\/wp\/v2\/media?parent=686"}],"curies":[{"name":"wp","href":"https:\/\/api.w.org\/{rel}","templated":true}]}}