{"id":514,"date":"2016-03-18T08:39:05","date_gmt":"2016-03-18T07:39:05","guid":{"rendered":"http:\/\/www.refractarioskiloterm.com\/?page_id=514"},"modified":"2017-05-14T10:18:34","modified_gmt":"2017-05-14T09:18:34","slug":"productos","status":"publish","type":"page","link":"https:\/\/www.refractarioskiloterm.com\/fr\/produits\/","title":{"rendered":"Produits"},"content":{"rendered":"<p><img loading=\"lazy\" decoding=\"async\" class=\"size-medium wp-image-772 alignright\" src=\"http:\/\/www.refractarioskiloterm.com\/wp-content\/uploads\/2016\/03\/saco-hormigon-refractario-209x300.jpg\" alt=\"saco hormig\u00f3n refractario\" width=\"209\" height=\"300\" srcset=\"https:\/\/www.refractarioskiloterm.com\/wp-content\/uploads\/2016\/03\/saco-hormigon-refractario-209x300.jpg 209w, https:\/\/www.refractarioskiloterm.com\/wp-content\/uploads\/2016\/03\/saco-hormigon-refractario.jpg 287w\" sizes=\"(max-width: 209px) 100vw, 209px\" \/>KILOTERM fabrique diff\u00e9rents types de b\u00e9tons r\u00e9fractaires isolants, b\u00e9tons basse teneur en ciment. La nouvelle technologie de mat\u00e9riaux poss\u00e8dent un certain nombre de caract\u00e9ristiques qui les rendent tr\u00e8s appropri\u00e9 dans des conditions extr\u00eames.<\/p>\n<p>Les diff\u00e9rentes gammes pr\u00e9sentent des caract\u00e9ristiques diff\u00e9rentes telles une tr\u00e8s haute r\u00e9sistance m\u00e9canique \u00e0 l\u2019\u00e9rosion, les b\u00e9tons auto-coulants qui permet leur compactage<br \/>\nsans besoin d\u2019utiliser des vibrateurs.<\/p>\n<p>B\u00e9tons chauffage rapide, b\u00e9tons gunit\u00e9s par voie s\u00e8che \u00e0 haute r\u00e9sistance, b\u00e9tons \u00e0 tr\u00e8s faible contenu en ciment formul\u00e9 pour \u00eatre appliqu\u00e9 \u00e0 travers la technologie de gunitage par voie humide.<\/p>","protected":false},"excerpt":{"rendered":"<p>KILOTERM fabrique diff\u00e9rents types de b\u00e9tons r\u00e9fractaires isolants, b\u00e9tons basse teneur en ciment. La nouvelle technologie de mat\u00e9riaux poss\u00e8dent un certain nombre de caract\u00e9ristiques qui <\/p>\n","protected":false},"author":6,"featured_media":0,"parent":0,"menu_order":2,"comment_status":"closed","ping_status":"closed","template":"page-cubiertas.php","meta":{"footnotes":""},"class_list":["post-514","page","type-page","status-publish","hentry"],"yoast_head":"<!-- This site is optimized with the Yoast SEO plugin v23.6 - https:\/\/yoast.com\/wordpress\/plugins\/seo\/ -->\n<title>Productos<\/title>\n<meta name=\"robots\" content=\"index, follow, max-snippet:-1, max-image-preview:large, max-video-preview:-1\" \/>\n<link rel=\"canonical\" href=\"https:\/\/www.refractarioskiloterm.com\/productos\/\" \/>\n<meta property=\"og:locale\" content=\"fr_FR\" \/>\n<meta property=\"og:type\" content=\"article\" \/>\n<meta property=\"og:title\" content=\"Productos\" \/>\n<meta property=\"og:description\" content=\"KILOTERM fabrique diff\u00e9rents types de b\u00e9tons r\u00e9fractaires isolants, b\u00e9tons basse teneur en ciment. La nouvelle technologie de mat\u00e9riaux poss\u00e8dent un certain nombre de caract\u00e9ristiques qui\" \/>\n<meta property=\"og:url\" content=\"https:\/\/www.refractarioskiloterm.com\/productos\/\" \/>\n<meta property=\"og:site_name\" content=\"KiloTerm Hormigones refractarios\" \/>\n<meta property=\"article:modified_time\" content=\"2017-05-14T09:18:34+00:00\" \/>\n<meta property=\"og:image\" content=\"https:\/\/www.refractarioskiloterm.com\/wp-content\/uploads\/2016\/03\/saco-hormigon-refractario.jpg\" \/>\n\t<meta property=\"og:image:width\" content=\"287\" \/>\n\t<meta property=\"og:image:height\" content=\"412\" \/>\n\t<meta property=\"og:image:type\" content=\"image\/jpeg\" \/>\n<meta name=\"twitter:card\" content=\"summary_large_image\" \/>\n<meta name=\"twitter:label1\" content=\"Dur\u00e9e de lecture estim\u00e9e\" \/>\n\t<meta name=\"twitter:data1\" content=\"1 minute\" \/>\n<script type=\"application\/ld+json\" class=\"yoast-schema-graph\">{\"@context\":\"https:\/\/schema.org\",\"@graph\":[{\"@type\":\"WebPage\",\"@id\":\"https:\/\/www.refractarioskiloterm.com\/productos\/\",\"url\":\"https:\/\/www.refractarioskiloterm.com\/productos\/\",\"name\":\"Productos\",\"isPartOf\":{\"@id\":\"https:\/\/www.refractarioskiloterm.com\/#website\"},\"primaryImageOfPage\":{\"@id\":\"https:\/\/www.refractarioskiloterm.com\/productos\/#primaryimage\"},\"image\":{\"@id\":\"https:\/\/www.refractarioskiloterm.com\/productos\/#primaryimage\"},\"thumbnailUrl\":\"http:\/\/www.refractarioskiloterm.com\/wp-content\/uploads\/2016\/03\/saco-hormigon-refractario-209x300.jpg\",\"datePublished\":\"2016-03-18T07:39:05+00:00\",\"dateModified\":\"2017-05-14T09:18:34+00:00\",\"breadcrumb\":{\"@id\":\"https:\/\/www.refractarioskiloterm.com\/productos\/#breadcrumb\"},\"inLanguage\":\"fr-FR\",\"potentialAction\":[{\"@type\":\"ReadAction\",\"target\":[\"https:\/\/www.refractarioskiloterm.com\/productos\/\"]}]},{\"@type\":\"ImageObject\",\"inLanguage\":\"fr-FR\",\"@id\":\"https:\/\/www.refractarioskiloterm.com\/productos\/#primaryimage\",\"url\":\"http:\/\/www.refractarioskiloterm.com\/wp-content\/uploads\/2016\/03\/saco-hormigon-refractario-209x300.jpg\",\"contentUrl\":\"http:\/\/www.refractarioskiloterm.com\/wp-content\/uploads\/2016\/03\/saco-hormigon-refractario-209x300.jpg\"},{\"@type\":\"BreadcrumbList\",\"@id\":\"https:\/\/www.refractarioskiloterm.com\/productos\/#breadcrumb\",\"itemListElement\":[{\"@type\":\"ListItem\",\"position\":1,\"name\":\"Portada\",\"item\":\"https:\/\/www.refractarioskiloterm.com\/\"},{\"@type\":\"ListItem\",\"position\":2,\"name\":\"Productos\"}]},{\"@type\":\"WebSite\",\"@id\":\"https:\/\/www.refractarioskiloterm.com\/#website\",\"url\":\"https:\/\/www.refractarioskiloterm.com\/\",\"name\":\"KiloTerm Hormigones refractarios\",\"description\":\"Soluciones de alta tecnolog\u00eda a medida\",\"potentialAction\":[{\"@type\":\"SearchAction\",\"target\":{\"@type\":\"EntryPoint\",\"urlTemplate\":\"https:\/\/www.refractarioskiloterm.com\/?s={search_term_string}\"},\"query-input\":{\"@type\":\"PropertyValueSpecification\",\"valueRequired\":true,\"valueName\":\"search_term_string\"}}],\"inLanguage\":\"fr-FR\"}]}<\/script>\n<!-- \/ Yoast SEO plugin. -->","yoast_head_json":{"title":"Productos","robots":{"index":"index","follow":"follow","max-snippet":"max-snippet:-1","max-image-preview":"max-image-preview:large","max-video-preview":"max-video-preview:-1"},"canonical":"https:\/\/www.refractarioskiloterm.com\/productos\/","og_locale":"fr_FR","og_type":"article","og_title":"Productos","og_description":"KILOTERM fabrique diff\u00e9rents types de b\u00e9tons r\u00e9fractaires isolants, b\u00e9tons basse teneur en ciment. La nouvelle technologie de mat\u00e9riaux poss\u00e8dent un certain nombre de caract\u00e9ristiques qui","og_url":"https:\/\/www.refractarioskiloterm.com\/productos\/","og_site_name":"KiloTerm Hormigones refractarios","article_modified_time":"2017-05-14T09:18:34+00:00","og_image":[{"width":287,"height":412,"url":"https:\/\/www.refractarioskiloterm.com\/wp-content\/uploads\/2016\/03\/saco-hormigon-refractario.jpg","type":"image\/jpeg"}],"twitter_card":"summary_large_image","twitter_misc":{"Dur\u00e9e de lecture estim\u00e9e":"1 minute"},"schema":{"@context":"https:\/\/schema.org","@graph":[{"@type":"WebPage","@id":"https:\/\/www.refractarioskiloterm.com\/productos\/","url":"https:\/\/www.refractarioskiloterm.com\/productos\/","name":"Productos","isPartOf":{"@id":"https:\/\/www.refractarioskiloterm.com\/#website"},"primaryImageOfPage":{"@id":"https:\/\/www.refractarioskiloterm.com\/productos\/#primaryimage"},"image":{"@id":"https:\/\/www.refractarioskiloterm.com\/productos\/#primaryimage"},"thumbnailUrl":"http:\/\/www.refractarioskiloterm.com\/wp-content\/uploads\/2016\/03\/saco-hormigon-refractario-209x300.jpg","datePublished":"2016-03-18T07:39:05+00:00","dateModified":"2017-05-14T09:18:34+00:00","breadcrumb":{"@id":"https:\/\/www.refractarioskiloterm.com\/productos\/#breadcrumb"},"inLanguage":"fr-FR","potentialAction":[{"@type":"ReadAction","target":["https:\/\/www.refractarioskiloterm.com\/productos\/"]}]},{"@type":"ImageObject","inLanguage":"fr-FR","@id":"https:\/\/www.refractarioskiloterm.com\/productos\/#primaryimage","url":"http:\/\/www.refractarioskiloterm.com\/wp-content\/uploads\/2016\/03\/saco-hormigon-refractario-209x300.jpg","contentUrl":"http:\/\/www.refractarioskiloterm.com\/wp-content\/uploads\/2016\/03\/saco-hormigon-refractario-209x300.jpg"},{"@type":"BreadcrumbList","@id":"https:\/\/www.refractarioskiloterm.com\/productos\/#breadcrumb","itemListElement":[{"@type":"ListItem","position":1,"name":"Portada","item":"https:\/\/www.refractarioskiloterm.com\/"},{"@type":"ListItem","position":2,"name":"Productos"}]},{"@type":"WebSite","@id":"https:\/\/www.refractarioskiloterm.com\/#website","url":"https:\/\/www.refractarioskiloterm.com\/","name":"KiloTerm Hormigones refractarios","description":"Soluciones de alta tecnolog\u00eda a medida","potentialAction":[{"@type":"SearchAction","target":{"@type":"EntryPoint","urlTemplate":"https:\/\/www.refractarioskiloterm.com\/?s={search_term_string}"},"query-input":{"@type":"PropertyValueSpecification","valueRequired":true,"valueName":"search_term_string"}}],"inLanguage":"fr-FR"}]}},"_links":{"self":[{"href":"https:\/\/www.refractarioskiloterm.com\/fr\/wp-json\/wp\/v2\/pages\/514"}],"collection":[{"href":"https:\/\/www.refractarioskiloterm.com\/fr\/wp-json\/wp\/v2\/pages"}],"about":[{"href":"https:\/\/www.refractarioskiloterm.com\/fr\/wp-json\/wp\/v2\/types\/page"}],"author":[{"embeddable":true,"href":"https:\/\/www.refractarioskiloterm.com\/fr\/wp-json\/wp\/v2\/users\/6"}],"replies":[{"embeddable":true,"href":"https:\/\/www.refractarioskiloterm.com\/fr\/wp-json\/wp\/v2\/comments?post=514"}],"version-history":[{"count":9,"href":"https:\/\/www.refractarioskiloterm.com\/fr\/wp-json\/wp\/v2\/pages\/514\/revisions"}],"predecessor-version":[{"id":827,"href":"https:\/\/www.refractarioskiloterm.com\/fr\/wp-json\/wp\/v2\/pages\/514\/revisions\/827"}],"wp:attachment":[{"href":"https:\/\/www.refractarioskiloterm.com\/fr\/wp-json\/wp\/v2\/media?parent=514"}],"curies":[{"name":"wp","href":"https:\/\/api.w.org\/{rel}","templated":true}]}}