{"id":760,"date":"2016-11-06T11:17:47","date_gmt":"2016-11-06T10:17:47","guid":{"rendered":"http:\/\/www.refractarioskiloterm.com\/?page_id=760"},"modified":"2017-05-14T09:58:42","modified_gmt":"2017-05-14T08:58:42","slug":"ktg-betons-gunites-par-voie-seche-haute-resistance","status":"publish","type":"page","link":"https:\/\/www.refractarioskiloterm.com\/en\/products\/ktg-high-resistance-dry-process-shotcrete\/","title":{"rendered":"KTG HIGH-RESISTANCE DRY PROCESS SHOTCRETE"},"content":{"rendered":"<p><img loading=\"lazy\" decoding=\"async\" class=\"alignright size-full wp-image-784\" src=\"http:\/\/www.refractarioskiloterm.com\/wp-content\/uploads\/2016\/11\/HORMIGONES-GUTINADOS.jpg\" alt=\"HIGH-RESISTANCE DRY PROCESS SHOTCRETE\" width=\"196\" height=\"383\" srcset=\"https:\/\/www.refractarioskiloterm.com\/wp-content\/uploads\/2016\/11\/HORMIGONES-GUTINADOS.jpg 196w, https:\/\/www.refractarioskiloterm.com\/wp-content\/uploads\/2016\/11\/HORMIGONES-GUTINADOS-154x300.jpg 154w\" sizes=\"(max-width: 196px) 100vw, 196px\" \/>A range of low cement-content concrete formulated to be applied using dry-mix compressed air. <\/p>\n<p>Its mechanical resistance doubles that of conventional shotcrete concrete. <\/p>\n<p>We recommend wetting the area of application prior to application in order to achieve a better hold and practically null rejection.<\/p>\n<p>Our KTG concrete range varies between 40% and 96% alumina and can endure temperatures of up to 1,900\u00baC.<\/p>","protected":false},"excerpt":{"rendered":"<p>A range of low cement-content concrete formulated to be applied using dry-mix compressed air. Its mechanical resistance doubles that of conventional shotcrete concrete. We recommend <\/p>\n","protected":false},"author":6,"featured_media":0,"parent":514,"menu_order":6,"comment_status":"closed","ping_status":"closed","template":"page-cubiertas.php","meta":{"footnotes":""},"class_list":["post-760","page","type-page","status-publish","hentry"],"yoast_head":"<!-- This site is optimized with the Yoast SEO plugin v23.6 - https:\/\/yoast.com\/wordpress\/plugins\/seo\/ -->\n<title>KTG B\u00c9TONS GUNIT\u00c9S PAR VOIE S\u00c8CHE \u00c0 HAUTE R\u00c9SISTANCE<\/title>\n<meta name=\"robots\" content=\"index, follow, max-snippet:-1, max-image-preview:large, max-video-preview:-1\" \/>\n<link rel=\"canonical\" href=\"https:\/\/www.refractarioskiloterm.com\/fr\/produits\/ktg-betons-gunites-par-voie-seche-a-haute-resistance\/\" \/>\n<meta property=\"og:locale\" content=\"en_US\" \/>\n<meta property=\"og:type\" content=\"article\" \/>\n<meta property=\"og:title\" content=\"KTG B\u00c9TONS GUNIT\u00c9S PAR VOIE S\u00c8CHE \u00c0 HAUTE R\u00c9SISTANCE\" \/>\n<meta property=\"og:description\" content=\"A range of low cement-content concrete formulated to be applied using dry-mix compressed air. Its mechanical resistance doubles that of conventional shotcrete concrete. We recommend\" \/>\n<meta property=\"og:url\" content=\"https:\/\/www.refractarioskiloterm.com\/fr\/produits\/ktg-betons-gunites-par-voie-seche-a-haute-resistance\/\" \/>\n<meta property=\"og:site_name\" content=\"KiloTerm Hormigones refractarios\" \/>\n<meta property=\"article:modified_time\" content=\"2017-05-14T08:58:42+00:00\" \/>\n<meta property=\"og:image\" content=\"https:\/\/www.refractarioskiloterm.com\/wp-content\/uploads\/2016\/11\/HORMIGONES-GUTINADOS.jpg\" \/>\n\t<meta property=\"og:image:width\" content=\"196\" \/>\n\t<meta property=\"og:image:height\" content=\"383\" \/>\n\t<meta property=\"og:image:type\" content=\"image\/jpeg\" \/>\n<meta name=\"twitter:card\" content=\"summary_large_image\" \/>\n<meta name=\"twitter:label1\" content=\"Est. reading time\" \/>\n\t<meta name=\"twitter:data1\" content=\"1 minute\" \/>\n<script type=\"application\/ld+json\" class=\"yoast-schema-graph\">{\"@context\":\"https:\/\/schema.org\",\"@graph\":[{\"@type\":\"WebPage\",\"@id\":\"https:\/\/www.refractarioskiloterm.com\/fr\/produits\/ktg-betons-gunites-par-voie-seche-a-haute-resistance\/\",\"url\":\"https:\/\/www.refractarioskiloterm.com\/fr\/produits\/ktg-betons-gunites-par-voie-seche-a-haute-resistance\/\",\"name\":\"KTG B\u00c9TONS GUNIT\u00c9S PAR VOIE S\u00c8CHE \u00c0 HAUTE R\u00c9SISTANCE\",\"isPartOf\":{\"@id\":\"https:\/\/www.refractarioskiloterm.com\/#website\"},\"primaryImageOfPage\":{\"@id\":\"https:\/\/www.refractarioskiloterm.com\/fr\/produits\/ktg-betons-gunites-par-voie-seche-a-haute-resistance\/#primaryimage\"},\"image\":{\"@id\":\"https:\/\/www.refractarioskiloterm.com\/fr\/produits\/ktg-betons-gunites-par-voie-seche-a-haute-resistance\/#primaryimage\"},\"thumbnailUrl\":\"http:\/\/www.refractarioskiloterm.com\/wp-content\/uploads\/2016\/11\/HORMIGONES-GUTINADOS.jpg\",\"datePublished\":\"2016-11-06T10:17:47+00:00\",\"dateModified\":\"2017-05-14T08:58:42+00:00\",\"breadcrumb\":{\"@id\":\"https:\/\/www.refractarioskiloterm.com\/fr\/produits\/ktg-betons-gunites-par-voie-seche-a-haute-resistance\/#breadcrumb\"},\"inLanguage\":\"en-US\",\"potentialAction\":[{\"@type\":\"ReadAction\",\"target\":[\"https:\/\/www.refractarioskiloterm.com\/fr\/produits\/ktg-betons-gunites-par-voie-seche-a-haute-resistance\/\"]}]},{\"@type\":\"ImageObject\",\"inLanguage\":\"en-US\",\"@id\":\"https:\/\/www.refractarioskiloterm.com\/fr\/produits\/ktg-betons-gunites-par-voie-seche-a-haute-resistance\/#primaryimage\",\"url\":\"http:\/\/www.refractarioskiloterm.com\/wp-content\/uploads\/2016\/11\/HORMIGONES-GUTINADOS.jpg\",\"contentUrl\":\"http:\/\/www.refractarioskiloterm.com\/wp-content\/uploads\/2016\/11\/HORMIGONES-GUTINADOS.jpg\"},{\"@type\":\"BreadcrumbList\",\"@id\":\"https:\/\/www.refractarioskiloterm.com\/fr\/produits\/ktg-betons-gunites-par-voie-seche-a-haute-resistance\/#breadcrumb\",\"itemListElement\":[{\"@type\":\"ListItem\",\"position\":1,\"name\":\"Portada\",\"item\":\"https:\/\/www.refractarioskiloterm.com\/\"},{\"@type\":\"ListItem\",\"position\":2,\"name\":\"Productos\",\"item\":\"https:\/\/www.refractarioskiloterm.com\/productos\/\"},{\"@type\":\"ListItem\",\"position\":3,\"name\":\"KTG B\u00c9TONS GUNIT\u00c9S PAR VOIE S\u00c8CHE \u00c0 HAUTE R\u00c9SISTANCE\"}]},{\"@type\":\"WebSite\",\"@id\":\"https:\/\/www.refractarioskiloterm.com\/#website\",\"url\":\"https:\/\/www.refractarioskiloterm.com\/\",\"name\":\"KiloTerm Hormigones refractarios\",\"description\":\"Soluciones de alta tecnolog\u00eda a medida\",\"potentialAction\":[{\"@type\":\"SearchAction\",\"target\":{\"@type\":\"EntryPoint\",\"urlTemplate\":\"https:\/\/www.refractarioskiloterm.com\/?s={search_term_string}\"},\"query-input\":{\"@type\":\"PropertyValueSpecification\",\"valueRequired\":true,\"valueName\":\"search_term_string\"}}],\"inLanguage\":\"en-US\"}]}<\/script>\n<!-- \/ Yoast SEO plugin. -->","yoast_head_json":{"title":"KTG B\u00c9TONS GUNIT\u00c9S PAR VOIE S\u00c8CHE \u00c0 HAUTE R\u00c9SISTANCE","robots":{"index":"index","follow":"follow","max-snippet":"max-snippet:-1","max-image-preview":"max-image-preview:large","max-video-preview":"max-video-preview:-1"},"canonical":"https:\/\/www.refractarioskiloterm.com\/fr\/produits\/ktg-betons-gunites-par-voie-seche-a-haute-resistance\/","og_locale":"en_US","og_type":"article","og_title":"KTG B\u00c9TONS GUNIT\u00c9S PAR VOIE S\u00c8CHE \u00c0 HAUTE R\u00c9SISTANCE","og_description":"A range of low cement-content concrete formulated to be applied using dry-mix compressed air. Its mechanical resistance doubles that of conventional shotcrete concrete. We recommend","og_url":"https:\/\/www.refractarioskiloterm.com\/fr\/produits\/ktg-betons-gunites-par-voie-seche-a-haute-resistance\/","og_site_name":"KiloTerm Hormigones refractarios","article_modified_time":"2017-05-14T08:58:42+00:00","og_image":[{"width":196,"height":383,"url":"https:\/\/www.refractarioskiloterm.com\/wp-content\/uploads\/2016\/11\/HORMIGONES-GUTINADOS.jpg","type":"image\/jpeg"}],"twitter_card":"summary_large_image","twitter_misc":{"Est. reading time":"1 minute"},"schema":{"@context":"https:\/\/schema.org","@graph":[{"@type":"WebPage","@id":"https:\/\/www.refractarioskiloterm.com\/fr\/produits\/ktg-betons-gunites-par-voie-seche-a-haute-resistance\/","url":"https:\/\/www.refractarioskiloterm.com\/fr\/produits\/ktg-betons-gunites-par-voie-seche-a-haute-resistance\/","name":"KTG B\u00c9TONS GUNIT\u00c9S PAR VOIE S\u00c8CHE \u00c0 HAUTE R\u00c9SISTANCE","isPartOf":{"@id":"https:\/\/www.refractarioskiloterm.com\/#website"},"primaryImageOfPage":{"@id":"https:\/\/www.refractarioskiloterm.com\/fr\/produits\/ktg-betons-gunites-par-voie-seche-a-haute-resistance\/#primaryimage"},"image":{"@id":"https:\/\/www.refractarioskiloterm.com\/fr\/produits\/ktg-betons-gunites-par-voie-seche-a-haute-resistance\/#primaryimage"},"thumbnailUrl":"http:\/\/www.refractarioskiloterm.com\/wp-content\/uploads\/2016\/11\/HORMIGONES-GUTINADOS.jpg","datePublished":"2016-11-06T10:17:47+00:00","dateModified":"2017-05-14T08:58:42+00:00","breadcrumb":{"@id":"https:\/\/www.refractarioskiloterm.com\/fr\/produits\/ktg-betons-gunites-par-voie-seche-a-haute-resistance\/#breadcrumb"},"inLanguage":"en-US","potentialAction":[{"@type":"ReadAction","target":["https:\/\/www.refractarioskiloterm.com\/fr\/produits\/ktg-betons-gunites-par-voie-seche-a-haute-resistance\/"]}]},{"@type":"ImageObject","inLanguage":"en-US","@id":"https:\/\/www.refractarioskiloterm.com\/fr\/produits\/ktg-betons-gunites-par-voie-seche-a-haute-resistance\/#primaryimage","url":"http:\/\/www.refractarioskiloterm.com\/wp-content\/uploads\/2016\/11\/HORMIGONES-GUTINADOS.jpg","contentUrl":"http:\/\/www.refractarioskiloterm.com\/wp-content\/uploads\/2016\/11\/HORMIGONES-GUTINADOS.jpg"},{"@type":"BreadcrumbList","@id":"https:\/\/www.refractarioskiloterm.com\/fr\/produits\/ktg-betons-gunites-par-voie-seche-a-haute-resistance\/#breadcrumb","itemListElement":[{"@type":"ListItem","position":1,"name":"Portada","item":"https:\/\/www.refractarioskiloterm.com\/"},{"@type":"ListItem","position":2,"name":"Productos","item":"https:\/\/www.refractarioskiloterm.com\/productos\/"},{"@type":"ListItem","position":3,"name":"KTG B\u00c9TONS GUNIT\u00c9S PAR VOIE S\u00c8CHE \u00c0 HAUTE R\u00c9SISTANCE"}]},{"@type":"WebSite","@id":"https:\/\/www.refractarioskiloterm.com\/#website","url":"https:\/\/www.refractarioskiloterm.com\/","name":"KiloTerm Hormigones refractarios","description":"Soluciones de alta tecnolog\u00eda a medida","potentialAction":[{"@type":"SearchAction","target":{"@type":"EntryPoint","urlTemplate":"https:\/\/www.refractarioskiloterm.com\/?s={search_term_string}"},"query-input":{"@type":"PropertyValueSpecification","valueRequired":true,"valueName":"search_term_string"}}],"inLanguage":"en-US"}]}},"_links":{"self":[{"href":"https:\/\/www.refractarioskiloterm.com\/en\/wp-json\/wp\/v2\/pages\/760"}],"collection":[{"href":"https:\/\/www.refractarioskiloterm.com\/en\/wp-json\/wp\/v2\/pages"}],"about":[{"href":"https:\/\/www.refractarioskiloterm.com\/en\/wp-json\/wp\/v2\/types\/page"}],"author":[{"embeddable":true,"href":"https:\/\/www.refractarioskiloterm.com\/en\/wp-json\/wp\/v2\/users\/6"}],"replies":[{"embeddable":true,"href":"https:\/\/www.refractarioskiloterm.com\/en\/wp-json\/wp\/v2\/comments?post=760"}],"version-history":[{"count":4,"href":"https:\/\/www.refractarioskiloterm.com\/en\/wp-json\/wp\/v2\/pages\/760\/revisions"}],"predecessor-version":[{"id":824,"href":"https:\/\/www.refractarioskiloterm.com\/en\/wp-json\/wp\/v2\/pages\/760\/revisions\/824"}],"up":[{"embeddable":true,"href":"https:\/\/www.refractarioskiloterm.com\/en\/wp-json\/wp\/v2\/pages\/514"}],"wp:attachment":[{"href":"https:\/\/www.refractarioskiloterm.com\/en\/wp-json\/wp\/v2\/media?parent=760"}],"curies":[{"name":"wp","href":"https:\/\/api.w.org\/{rel}","templated":true}]}}